{"id":8478,"date":"2017-12-19T19:45:04","date_gmt":"2017-12-19T16:45:04","guid":{"rendered":"http:\/\/ades.erciyes.edu.tr\/?page_id=8478"},"modified":"2018-05-29T14:42:40","modified_gmt":"2018-05-29T11:42:40","slug":"ades-4-katilimcilar","status":"publish","type":"page","link":"https:\/\/ades.erciyes.edu.tr\/en\/ades-4-katilimcilar\/","title":{"rendered":"ADES 4 &#8211; Participants"},"content":{"rendered":"<style type=\"text\/css\"> \n#cmsmasters_row_69e7e3a1a2579 .cmsmasters_row_outer_parent { \n\tpadding-top: 0px; \n} \n\n#cmsmasters_row_69e7e3a1a2579 .cmsmasters_row_outer_parent { \n\tpadding-bottom: 50px; \n} \n\n \n#cmsmasters_heading_69e7e3a1a37a6 { \n\ttext-align:left; \n\tmargin-top:50px; \n\tmargin-bottom:20px; \n} \n\n#cmsmasters_heading_69e7e3a1a37a6 .cmsmasters_heading { \n\ttext-align:left; \n} \n\n#cmsmasters_heading_69e7e3a1a37a6 .cmsmasters_heading, #cmsmasters_heading_69e7e3a1a37a6 .cmsmasters_heading a { \n\tfont-weight:normal; \n\tfont-style:normal; \n} \n\n#cmsmasters_heading_69e7e3a1a37a6 .cmsmasters_heading_divider { \n} \n\n \n#cmsmasters_row_69e7e3a1a381c .cmsmasters_row_outer_parent { \n\tpadding-top: 0px; \n} \n\n#cmsmasters_row_69e7e3a1a381c .cmsmasters_row_outer_parent { \n\tpadding-bottom: 50px; \n} \n\n \n#cmsmasters_row_69e7e3a1a3daf .cmsmasters_row_outer_parent { \n\tpadding-top: 0px; \n} \n\n#cmsmasters_row_69e7e3a1a3daf .cmsmasters_row_outer_parent { \n\tpadding-bottom: 50px; \n} \n\n \n#cmsmasters_heading_69e7e3a1a4c02 { \n\ttext-align:left; \n\tmargin-top:0px; \n\tmargin-bottom:20px; \n} \n\n#cmsmasters_heading_69e7e3a1a4c02 .cmsmasters_heading { \n\ttext-align:left; \n} \n\n#cmsmasters_heading_69e7e3a1a4c02 .cmsmasters_heading, #cmsmasters_heading_69e7e3a1a4c02 .cmsmasters_heading a { \n\tfont-weight:normal; \n\tfont-style:normal; \n} \n\n#cmsmasters_heading_69e7e3a1a4c02 .cmsmasters_heading_divider { \n} \n\n \n#cmsmasters_row_69e7e3a1a4c55 .cmsmasters_row_outer_parent { \n\tpadding-top: 0px; \n} \n\n#cmsmasters_row_69e7e3a1a4c55 .cmsmasters_row_outer_parent { \n\tpadding-bottom: 50px; \n} \n\n \n#cmsmasters_row_69e7e3a1a511c .cmsmasters_row_outer_parent { \n\tpadding-top: 0px; \n} \n\n#cmsmasters_row_69e7e3a1a511c .cmsmasters_row_outer_parent { \n\tpadding-bottom: 50px; \n} \n\n \n#cmsmasters_heading_69e7e3a1a5e0d { \n\ttext-align:left; \n\tmargin-top:0px; \n\tmargin-bottom:20px; \n} \n\n#cmsmasters_heading_69e7e3a1a5e0d .cmsmasters_heading { \n\ttext-align:left; \n} \n\n#cmsmasters_heading_69e7e3a1a5e0d .cmsmasters_heading, #cmsmasters_heading_69e7e3a1a5e0d .cmsmasters_heading a { \n\tfont-weight:normal; \n\tfont-style:normal; \n} \n\n#cmsmasters_heading_69e7e3a1a5e0d .cmsmasters_heading_divider { \n} \n\n \n#cmsmasters_row_69e7e3a1a5e59 .cmsmasters_row_outer_parent { \n\tpadding-top: 0px; \n} \n\n#cmsmasters_row_69e7e3a1a5e59 .cmsmasters_row_outer_parent { \n\tpadding-bottom: 50px; \n} \n\n \n#cmsmasters_row_69e7e3a1a6321 .cmsmasters_row_outer_parent { \n\tpadding-top: 0px; \n} \n\n#cmsmasters_row_69e7e3a1a6321 .cmsmasters_row_outer_parent { \n\tpadding-bottom: 50px; \n} \n\n \n#cmsmasters_heading_69e7e3a1a70a2 { \n\ttext-align:left; \n\tmargin-top:0px; \n\tmargin-bottom:20px; \n} \n\n#cmsmasters_heading_69e7e3a1a70a2 .cmsmasters_heading { \n\ttext-align:left; \n} \n\n#cmsmasters_heading_69e7e3a1a70a2 .cmsmasters_heading, #cmsmasters_heading_69e7e3a1a70a2 .cmsmasters_heading a { \n\tfont-weight:normal; \n\tfont-style:normal; \n} \n\n#cmsmasters_heading_69e7e3a1a70a2 .cmsmasters_heading_divider { \n} \n\n \n#cmsmasters_row_69e7e3a1a70f8 .cmsmasters_row_outer_parent { \n\tpadding-top: 0px; \n} \n\n#cmsmasters_row_69e7e3a1a70f8 .cmsmasters_row_outer_parent { \n\tpadding-bottom: 50px; \n} \n\n \n#cmsmasters_row_69e7e3a1a75e9 .cmsmasters_row_outer_parent { \n\tpadding-top: 0px; \n} \n\n#cmsmasters_row_69e7e3a1a75e9 .cmsmasters_row_outer_parent { \n\tpadding-bottom: 50px; \n} \n\n \n#cmsmasters_heading_69e7e3a1a8327 { \n\ttext-align:left; \n\tmargin-top:0px; \n\tmargin-bottom:20px; \n} \n\n#cmsmasters_heading_69e7e3a1a8327 .cmsmasters_heading { \n\ttext-align:left; \n} \n\n#cmsmasters_heading_69e7e3a1a8327 .cmsmasters_heading, #cmsmasters_heading_69e7e3a1a8327 .cmsmasters_heading a { \n\tfont-weight:normal; \n\tfont-style:normal; \n} \n\n#cmsmasters_heading_69e7e3a1a8327 .cmsmasters_heading_divider { \n} \n\n \n#cmsmasters_row_69e7e3a1a8377 .cmsmasters_row_outer_parent { \n\tpadding-top: 0px; \n} \n\n#cmsmasters_row_69e7e3a1a8377 .cmsmasters_row_outer_parent { \n\tpadding-bottom: 50px; \n} \n\n<\/style><p><div id=\"cmsmasters_row_69e7e3a1a3daf\" class=\"cmsmasters_row cmsmasters_color_scheme_default cmsmasters_row_top_default cmsmasters_row_bot_default cmsmasters_row_boxed\">\n<div class=\"cmsmasters_row_outer_parent\">\n<div class=\"cmsmasters_row_outer\">\n<div class=\"cmsmasters_row_inner\">\n<div class=\"cmsmasters_row_margin\">\n<div class=\"cmsmasters_column one_first\">\n\n<div id=\"cmsmasters_heading_69e7e3a1a4c02\" class=\"cmsmasters_heading_wrap cmsmasters_heading_align_left\">\n\t<h1 class=\"cmsmasters_heading\">Participants<\/h1>\n<\/div>\n<\/div>\n<\/div>\n<\/div>\n<\/div>\n<\/div>\n<\/div>\n<div id=\"cmsmasters_row_69e7e3a1a4c55\" class=\"cmsmasters_row cmsmasters_color_scheme_default cmsmasters_row_top_default cmsmasters_row_bot_default cmsmasters_row_boxed\">\n<div class=\"cmsmasters_row_outer_parent\">\n<div class=\"cmsmasters_row_outer\">\n<div class=\"cmsmasters_row_inner\">\n<div class=\"cmsmasters_row_margin\">\n<div class=\"cmsmasters_column one_first\">\n<div class=\"cmsmasters_text\">\n<p>Abu Bakkar Siddique, <strong>Erciyes University, TURKEY<\/strong><\/p>\n<p>Almila Elif Sel\u00e7uklu, <strong>Erciyes University, TURKEY<\/strong><\/p>\n<p>Amena Begum, <strong>University of Hyderabad, INDIA<\/strong><\/p>\n<p>Anuj Sharma, <strong>Jawaharlal Nehru University, INDIA<\/strong><\/p>\n<p>Arzu Cebe, <strong>Erciyes University, TURKEY<\/strong><\/p>\n<p>Asl\u0131 Al\u0131yeva, <strong>Erciyes University, TURKEY<\/strong><\/p>\n<p>Asl\u0131 Sa\u011f\u0131ro\u011flu Arslan, <strong>Erciyes University, TURKEY<\/strong><\/p>\n<p>Aylin Yonca Gen\u00e7o\u011flu, <strong>Erciyes University, TURKEY<\/strong><\/p>\n<p>Ay\u015fe Var\u0131\u015fl\u0131soy, <strong>Marmara University, TURKEY<\/strong><\/p>\n<p>Azhar Ahmed Gulam Yazdani, <strong>Shri Shivaji College, INDIA<\/strong><\/p>\n<p>Beyhan Asma, <strong>Erciyes University, TURKEY<\/strong><\/p>\n<p>Beyza Aybike Deveci, <strong>Kastamonu University, TURKEY<\/strong><\/p>\n<p>Bhawna Singhmar, <strong>Jawaharlal Nehru University, INDIA<\/strong><\/p>\n<p>Binita Srivastav Srivastav, <strong>University of Delhi, INDIA<\/strong><\/p>\n<p>Canan Erdemir, <strong>Erciyes University, TURKEY<\/strong><\/p>\n<p>Celil Arslan, <strong>Erciyes University, TURKEY<\/strong><\/p>\n<p>\u00c7i\u011fdem G\u00fclmez, <strong>Kastamonu University, TURKEY<\/strong><\/p>\n<p>Deepa Sundararajan, <strong>Ethiraj College, INDIA<\/strong><\/p>\n<p>Derya G\u00fcneri, <strong>Erciyes University, TURKEY<\/strong><\/p>\n<p>Didem Y\u0131lmaz, <strong>Erciyes University, TURKEY<\/strong><\/p>\n<p>El\u015fen Gurbanov, <strong>Erciyes University, TURKEY<\/strong><\/p>\n<p>Emel Siylim, <strong>Ankara University, TURKEY<\/strong><\/p>\n<p>Erdem Erin\u00e7, <strong>Erciyes University, TURKEY<\/strong><\/p>\n<p>Esra B\u00fcy\u00fckbah\u00e7eci, <strong>Ankara University, TURKEY<\/strong><\/p>\n<p>Fadime \u00d6zler, <strong>Erciyes University, TURKEY<\/strong><\/p>\n<p>Fatma Ahsen Turan, <strong>Gazi University, TURKEY<\/strong><\/p>\n<p>Fatma \u015eenol, <strong>Pamukkale University, TURKEY<\/strong><\/p>\n<p>Feyza G\u00f6rez, <strong>Erciyes University, TURKEY<\/strong><\/p>\n<p>Funda Bugan, <strong>K\u0131r\u0131kkale University, TURKEY<\/strong><\/p>\n<p>Gamze \u00d6ks\u00fcz, <strong>Gazi University, TURKEY<\/strong><\/p>\n<p>Gulzhamilya Shalabayeva, <strong>Nazarbayev University, KAZAKHSTAN<\/strong><\/p>\n<p>G\u00fcltekin \u015eener, <strong>Gaziantep University, TURKEY<\/strong><\/p>\n<p>Hatice K\u00f6ro\u011flu T\u00fcrk\u00f6z\u00fc, <strong>Erciyes University, TURKEY<\/strong><\/p>\n<p>H\u00fclya Argun\u015fah, <strong>Erciyes University, TURKEY<\/strong><\/p>\n<p>H\u00fcsn\u00fc Ezber Bodur, <strong>Kahramanmara\u015f S\u00fct\u00e7\u00fc \u0130mam University, TURKEY<\/strong><\/p>\n<p>Ifakat Banu Ak\u00e7e\u015fme, <strong>Erciyes University, TURKEY<\/strong><\/p>\n<p>Jawahar Kandhan, <strong>Central University of Tami Nadu, INDIA<\/strong><\/p>\n<p>Jyothirmai Uppu, <strong>The English and Foreign Languages University, INDIA<\/strong><\/p>\n<p>Kale Sachin Madhukarrao, <strong>Smt. Sushiladevi College, INDIA<\/strong><\/p>\n<p>Kamil \u00d6nal, <strong>Ahmet Yesevi University, KAZAKHSTAN<\/strong><\/p>\n<p>Kaneez Fatima Daimi, <strong>Marathwada College Of Education, INDIA<\/strong><\/p>\n<p>Kokila Kalekar, <strong>The English and Foreign Languages University, INDIA<\/strong><\/p>\n<p>Lubna Farheen Hameedullha Khan, <strong>Shri Shivaji College, INDIA<\/strong><\/p>\n<p>Manisha Choudhary, <strong>University of Delhi, INDIA<\/strong><\/p>\n<p>Manuradha Chaudhary, <strong>Jawaharlal Nehru University, INDIA<\/strong><\/p>\n<p>Mayank Tripathi, <strong>University of Hyderabad, INDIA<\/strong><\/p>\n<p>Megha Pansare, <strong>Shivaji University, INDIA<\/strong><\/p>\n<p>Muhittin Kapan\u015fahin, <strong>Erciyes University, TURKEY<\/strong><\/p>\n<p>Mustafa Argun\u015fah, <strong>Erciyes University, TURKEY<\/strong><\/p>\n<p>Muthukumar Kuppusamy, <strong>Kongunadu Arts and Science College, INDIA<\/strong><\/p>\n<p>M\u00fcsl\u00fcme Melis \u00c7elikta\u015f, <strong>Karadeniz Technical University, TURKEY<\/strong><\/p>\n<p>Nalini Avinash Waghmare, <strong>Tilak Maharashtra Vidyapeeth, INDIA<\/strong><\/p>\n<p>Nuran Sar\u0131c\u0131, <strong>Kastamonu University, TURKEY<\/strong><\/p>\n<p>\u00d6zden Erdo\u011fan, <strong>Middle East Technical University, TURKEY<\/strong><\/p>\n<p>Parvaneh Seyed Almasi, <strong>Osku Branch, Islamic Azad University, Osku, IRAN<\/strong><\/p>\n<p>Pathan Nazema Zameer Ahmed Khan, <strong>Swami Ramanand Teerth Marathwada University, INDIA<\/strong><\/p>\n<p>Prachi Priyanka, <strong>Sharda University, INDIA<\/strong><\/p>\n<p>Rahya Umirbekova, <strong>Erciyes University, TURKEY<\/strong><\/p>\n<p>Rasu Chatrapathi Yadav, <strong>Osmania University, INDIA<\/strong><\/p>\n<p>Semra Yaman, <strong>Kastamonu University, TURKEY<\/strong><\/p>\n<p>Shafi Mohammed, <strong>Dr. B. R. Ambedkar Open University, INDIA<\/strong><\/p>\n<p>Shubra Gupta,\u00a0<strong>Jawaharlal Nehru University, INDIA<\/strong><\/p>\n<p>Smita Tiwari Jassal, <strong>Middle East Technical University, TURKEY<\/strong><\/p>\n<p>Sujata Madhukar Kamble, <strong>Dr. Babasaheb Ambedkar Marathwada University, INDIA<\/strong><\/p>\n<p>Suman Beniwal, <strong>Jawaharlal Nehru University, INDIA<\/strong><\/p>\n<p>Susheela Thomas, <strong>Central Institute Of Indian Languages, INDIA<\/strong><\/p>\n<p>\u015eahika Karaca, <strong>Erciyes University, TURKEY<\/strong><\/p>\n<p>\u015eefaettin Severcan, <strong>Erciyes University, TURKEY<\/strong><\/p>\n<p>Tahemina Naaz Shaikh, <strong>Marathwada College of Education, INDIA<\/strong><\/p>\n<p>Taib Shadid Qura\u0131sh\u0131, <strong>Mumbai University, INDIA<\/strong><\/p>\n<p>Thilini Nisansala Meegaswatta, <strong>General Sir John Kotelawala Defence University, SRI LANKA<\/strong><\/p>\n<p>T\u00fclay Y\u00fcrekli, <strong>Adnan Menderes University, TURKEY<\/strong><\/p>\n<p>Upeksha Jayasur\u0131ya, <strong>General Sir John Kotelawala Defence University, SRI LANKA<\/strong><\/p>\n<p>Vladimir Georgievich Budai, <strong>Erciyes University, TURKEY<\/strong><\/p>\n<p>Yasemin G\u00fcrsoy, <strong>Gazi University, TURKEY<\/strong><\/p>\n<p>Yermek Adayeva, <strong>Nazarbayev University, KAZAKHSTAN<\/strong><\/p>\n<p>Zhanar Abdigapbarova, <strong>Nazarbayev University, KAZAKHSTAN<\/strong><\/p>\n<p>Zhanar Baiteliyeva, <strong>Nazarbayev University, KAZAKHSTAN<\/strong><\/p>\n<\/div>\n<\/div>\n<\/div>\n<\/div>\n<\/div>\n<\/div>\n<\/div>\n<\/p>","protected":false},"excerpt":{"rendered":"","protected":false},"author":3,"featured_media":0,"parent":0,"menu_order":0,"comment_status":"closed","ping_status":"closed","template":"","meta":[],"_links":{"self":[{"href":"https:\/\/ades.erciyes.edu.tr\/en\/wp-json\/wp\/v2\/pages\/8478"}],"collection":[{"href":"https:\/\/ades.erciyes.edu.tr\/en\/wp-json\/wp\/v2\/pages"}],"about":[{"href":"https:\/\/ades.erciyes.edu.tr\/en\/wp-json\/wp\/v2\/types\/page"}],"author":[{"embeddable":true,"href":"https:\/\/ades.erciyes.edu.tr\/en\/wp-json\/wp\/v2\/users\/3"}],"replies":[{"embeddable":true,"href":"https:\/\/ades.erciyes.edu.tr\/en\/wp-json\/wp\/v2\/comments?post=8478"}],"version-history":[{"count":13,"href":"https:\/\/ades.erciyes.edu.tr\/en\/wp-json\/wp\/v2\/pages\/8478\/revisions"}],"predecessor-version":[{"id":9681,"href":"https:\/\/ades.erciyes.edu.tr\/en\/wp-json\/wp\/v2\/pages\/8478\/revisions\/9681"}],"wp:attachment":[{"href":"https:\/\/ades.erciyes.edu.tr\/en\/wp-json\/wp\/v2\/media?parent=8478"}],"curies":[{"name":"wp","href":"https:\/\/api.w.org\/{rel}","templated":true}]}}