{"id":7245,"date":"2016-06-12T21:35:27","date_gmt":"2016-06-12T18:35:27","guid":{"rendered":"http:\/\/ades.erciyes.edu.tr\/?page_id=7245"},"modified":"2016-06-27T16:52:04","modified_gmt":"2016-06-27T13:52:04","slug":"ades-3-kurullar","status":"publish","type":"page","link":"https:\/\/ades.erciyes.edu.tr\/en\/ades-3-kurullar\/","title":{"rendered":"Ades 3 &#8211; Committees"},"content":{"rendered":"<style type=\"text\/css\"> \n#cmsmasters_row_69d64572cd309 .cmsmasters_row_outer_parent { \n\tpadding-top: 0px; \n} \n\n#cmsmasters_row_69d64572cd309 .cmsmasters_row_outer_parent { \n\tpadding-bottom: 50px; \n} \n\n \n#cmsmasters_row_69d64572cd3aa .cmsmasters_row_outer_parent { \n\tpadding-top: 0px; \n} \n\n#cmsmasters_row_69d64572cd3aa .cmsmasters_row_outer_parent { \n\tpadding-bottom: 50px; \n} \n\n \n#cmsmasters_row_69d64572cd49f .cmsmasters_row_outer_parent { \n\tpadding-top: 0px; \n} \n\n#cmsmasters_row_69d64572cd49f .cmsmasters_row_outer_parent { \n\tpadding-bottom: 50px; \n} \n\n \n#cmsmasters_divider_69d64572ce4e1 { \n\tborder-bottom-width:1px; \n\tborder-bottom-style:solid; \n\tpadding-top:50px; \n\tmargin-bottom:50px; \n} \n \n#cmsmasters_row_69d64572ce52f .cmsmasters_row_outer_parent { \n\tpadding-top: 0px; \n} \n\n#cmsmasters_row_69d64572ce52f .cmsmasters_row_outer_parent { \n\tpadding-bottom: 50px; \n} \n\n \n#cmsmasters_heading_69d64572cf45f { \n\ttext-align:left; \n\tmargin-top:0px; \n\tmargin-bottom:20px; \n} \n\n#cmsmasters_heading_69d64572cf45f .cmsmasters_heading { \n\ttext-align:left; \n} \n\n#cmsmasters_heading_69d64572cf45f .cmsmasters_heading, #cmsmasters_heading_69d64572cf45f .cmsmasters_heading a { \n\tfont-weight:normal; \n\tfont-style:normal; \n} \n\n#cmsmasters_heading_69d64572cf45f .cmsmasters_heading_divider { \n} \n\n \n#cmsmasters_row_69d64572cf4a5 .cmsmasters_row_outer_parent { \n\tpadding-top: 0px; \n} \n\n#cmsmasters_row_69d64572cf4a5 .cmsmasters_row_outer_parent { \n\tpadding-bottom: 50px; \n} \n\n \n#cmsmasters_row_69d64572cf73f .cmsmasters_row_outer_parent { \n\tpadding-top: 0px; \n} \n\n#cmsmasters_row_69d64572cf73f .cmsmasters_row_outer_parent { \n\tpadding-bottom: 50px; \n} \n\n \n#cmsmasters_divider_69d64572d06f9 { \n\tborder-bottom-width:1px; \n\tborder-bottom-style:solid; \n\tpadding-top:50px; \n\tmargin-bottom:50px; \n} \n \n#cmsmasters_row_69d64572d0742 .cmsmasters_row_outer_parent { \n\tpadding-top: 0px; \n} \n\n#cmsmasters_row_69d64572d0742 .cmsmasters_row_outer_parent { \n\tpadding-bottom: 50px; \n} \n\n \n#cmsmasters_heading_69d64572d16cf { \n\ttext-align:left; \n\tmargin-top:0px; \n\tmargin-bottom:20px; \n} \n\n#cmsmasters_heading_69d64572d16cf .cmsmasters_heading { \n\ttext-align:left; \n} \n\n#cmsmasters_heading_69d64572d16cf .cmsmasters_heading, #cmsmasters_heading_69d64572d16cf .cmsmasters_heading a { \n\tfont-weight:normal; \n\tfont-style:normal; \n} \n\n#cmsmasters_heading_69d64572d16cf .cmsmasters_heading_divider { \n} \n\n \n#cmsmasters_row_69d64572d171a .cmsmasters_row_outer_parent { \n\tpadding-top: 0px; \n} \n\n#cmsmasters_row_69d64572d171a .cmsmasters_row_outer_parent { \n\tpadding-bottom: 50px; \n} \n\n \n#cmsmasters_row_69d64572d19b2 .cmsmasters_row_outer_parent { \n\tpadding-top: 0px; \n} \n\n#cmsmasters_row_69d64572d19b2 .cmsmasters_row_outer_parent { \n\tpadding-bottom: 50px; \n} \n\n \n#cmsmasters_divider_69d64572d2ad7 { \n\tborder-bottom-width:1px; \n\tborder-bottom-style:solid; \n\tpadding-top:50px; \n\tmargin-bottom:50px; \n} \n \n#cmsmasters_row_69d64572d2b20 .cmsmasters_row_outer_parent { \n\tpadding-top: 0px; \n} \n\n#cmsmasters_row_69d64572d2b20 .cmsmasters_row_outer_parent { \n\tpadding-bottom: 50px; \n} \n\n \n#cmsmasters_heading_69d64572d3ad8 { \n\ttext-align:left; \n\tmargin-top:0px; \n\tmargin-bottom:20px; \n} \n\n#cmsmasters_heading_69d64572d3ad8 .cmsmasters_heading { \n\ttext-align:left; \n} \n\n#cmsmasters_heading_69d64572d3ad8 .cmsmasters_heading, #cmsmasters_heading_69d64572d3ad8 .cmsmasters_heading a { \n\tfont-weight:normal; \n\tfont-style:normal; \n} \n\n#cmsmasters_heading_69d64572d3ad8 .cmsmasters_heading_divider { \n} \n\n \n#cmsmasters_row_69d64572d3b29 .cmsmasters_row_outer_parent { \n\tpadding-top: 0px; \n} \n\n#cmsmasters_row_69d64572d3b29 .cmsmasters_row_outer_parent { \n\tpadding-bottom: 50px; \n} \n\n \n#cmsmasters_row_69d64572d3d02 .cmsmasters_row_outer_parent { \n\tpadding-top: 0px; \n} \n\n#cmsmasters_row_69d64572d3d02 .cmsmasters_row_outer_parent { \n\tpadding-bottom: 50px; \n} \n\n \n#cmsmasters_row_69d64572d3d70 .cmsmasters_row_outer_parent { \n\tpadding-top: 0px; \n} \n\n#cmsmasters_row_69d64572d3d70 .cmsmasters_row_outer_parent { \n\tpadding-bottom: 50px; \n} \n\n \n#cmsmasters_row_69d64572d3e0c .cmsmasters_row_outer_parent { \n\tpadding-top: 0px; \n} \n\n#cmsmasters_row_69d64572d3e0c .cmsmasters_row_outer_parent { \n\tpadding-bottom: 50px; \n} \n\n \n#cmsmasters_row_69d64572d3eee .cmsmasters_row_outer_parent { \n\tpadding-top: 0px; \n} \n\n#cmsmasters_row_69d64572d3eee .cmsmasters_row_outer_parent { \n\tpadding-bottom: 50px; \n} \n\n \n#cmsmasters_divider_69d64572d4f06 { \n\tborder-bottom-width:1px; \n\tborder-bottom-style:solid; \n\tpadding-top:50px; \n\tmargin-bottom:50px; \n} \n \n#cmsmasters_row_69d64572d4f60 .cmsmasters_row_outer_parent { \n\tpadding-top: 0px; \n} \n\n#cmsmasters_row_69d64572d4f60 .cmsmasters_row_outer_parent { \n\tpadding-bottom: 50px; \n} \n\n \n#cmsmasters_row_69d64572d5014 .cmsmasters_row_outer_parent { \n\tpadding-top: 0px; \n} \n\n#cmsmasters_row_69d64572d5014 .cmsmasters_row_outer_parent { \n\tpadding-bottom: 50px; \n} \n\n \n#cmsmasters_row_69d64572d519b .cmsmasters_row_outer_parent { \n\tpadding-top: 0px; \n} \n\n#cmsmasters_row_69d64572d519b .cmsmasters_row_outer_parent { \n\tpadding-bottom: 50px; \n} \n\n \n#cmsmasters_divider_69d64572d6130 { \n\tborder-bottom-width:1px; \n\tborder-bottom-style:solid; \n\tpadding-top:50px; \n\tmargin-bottom:50px; \n} \n \n#cmsmasters_row_69d64572d61a7 .cmsmasters_row_outer_parent { \n\tpadding-top: 0px; \n} \n\n#cmsmasters_row_69d64572d61a7 .cmsmasters_row_outer_parent { \n\tpadding-bottom: 50px; \n} \n\n \n#cmsmasters_row_69d64572d631f .cmsmasters_row_outer_parent { \n\tpadding-top: 0px; \n} \n\n#cmsmasters_row_69d64572d631f .cmsmasters_row_outer_parent { \n\tpadding-bottom: 50px; \n} \n\n \n#cmsmasters_divider_69d64572d7315 { \n\tborder-bottom-width:1px; \n\tborder-bottom-style:solid; \n\tpadding-top:50px; \n\tmargin-bottom:50px; \n} \n \n#cmsmasters_heading_69d64572d8375 { \n\ttext-align:left; \n\tmargin-top:0px; \n\tmargin-bottom:20px; \n} \n\n#cmsmasters_heading_69d64572d8375 .cmsmasters_heading { \n\ttext-align:left; \n} \n\n#cmsmasters_heading_69d64572d8375 .cmsmasters_heading, #cmsmasters_heading_69d64572d8375 .cmsmasters_heading a { \n\tfont-weight:normal; \n\tfont-style:normal; \n} \n\n#cmsmasters_heading_69d64572d8375 .cmsmasters_heading_divider { \n} \n\n \n#cmsmasters_row_69d64572d83e8 .cmsmasters_row_outer_parent { \n\tpadding-top: 0px; \n} \n\n#cmsmasters_row_69d64572d83e8 .cmsmasters_row_outer_parent { \n\tpadding-bottom: 50px; \n} \n\n<\/style><p><div id=\"cmsmasters_row_69d64572d3d70\" class=\"cmsmasters_row cmsmasters_color_scheme_default cmsmasters_row_top_default cmsmasters_row_bot_default cmsmasters_row_boxed\">\n<div class=\"cmsmasters_row_outer_parent\">\n<div class=\"cmsmasters_row_outer\">\n<div class=\"cmsmasters_row_inner\">\n<div class=\"cmsmasters_row_margin\">\n<div class=\"cmsmasters_column one_first\">\n<div class=\"cmsmasters_text\">\n<p>&nbsp;<\/p>\n<p>&nbsp;<\/p>\n<\/div>\n<div class=\"cmsmasters_text\">\n<h1>SYMPOSIUM CHAIR<\/h1>\n<\/div>\n<\/div>\n<\/div>\n<\/div>\n<\/div>\n<\/div>\n<\/div>\n<div id=\"cmsmasters_row_69d64572d3e0c\" class=\"cmsmasters_row cmsmasters_color_scheme_default cmsmasters_row_top_default cmsmasters_row_bot_default cmsmasters_row_boxed\">\n<div class=\"cmsmasters_row_outer_parent\">\n<div class=\"cmsmasters_row_outer\">\n<div class=\"cmsmasters_row_inner\">\n<div class=\"cmsmasters_row_margin\">\n<div class=\"cmsmasters_column one_third\">\n<div class=\"cmsmasters_text\">\n<p style=\"text-align: left;\">Mehmet \u0130NBA\u015eI, Prof. Dr.<\/p>\n<p style=\"text-align: left;\"><strong>Chairman<\/strong><br \/>\nErciyes University, Turkey<\/p>\n<\/div>\n<\/div>\n<div class=\"cmsmasters_column two_third\">\n<div class=\"cmsmasters_text\">\n<p>Ali K\u00dc\u00c7\u00dcKLER, Assoc. Prof. Dr.<\/p>\n<p><strong>Head of Organizing Committee<\/strong><br \/>\nErciyes University, Turkey<\/p>\n<\/div>\n<\/div>\n<\/div>\n<\/div>\n<\/div>\n<\/div>\n<\/div>\n<div id=\"cmsmasters_row_69d64572d3eee\" class=\"cmsmasters_row cmsmasters_color_scheme_default cmsmasters_row_top_default cmsmasters_row_bot_default cmsmasters_row_boxed\">\n<div class=\"cmsmasters_row_outer_parent\">\n<div class=\"cmsmasters_row_outer\">\n<div class=\"cmsmasters_row_inner\">\n<div class=\"cmsmasters_row_margin\">\n<div class=\"cmsmasters_column one_first\">\n\n<div id=\"cmsmasters_divider_69d64572d4f06\" class=\"cmsmasters_divider cmsmasters_divider_width_long cmsmasters_divider_pos_center\"><\/div>\n<\/div>\n<\/div>\n<\/div>\n<\/div>\n<\/div>\n<\/div>\n<div id=\"cmsmasters_row_69d64572d4f60\" class=\"cmsmasters_row cmsmasters_color_scheme_default cmsmasters_row_top_default cmsmasters_row_bot_default cmsmasters_row_boxed\">\n<div class=\"cmsmasters_row_outer_parent\">\n<div class=\"cmsmasters_row_outer\">\n<div class=\"cmsmasters_row_inner\">\n<div class=\"cmsmasters_row_margin\">\n<div class=\"cmsmasters_column one_first\">\n<div class=\"cmsmasters_text\">\n<h1>SCIENTIFIC ADVISORY BOARD<\/h1>\n<\/div>\n<\/div>\n<\/div>\n<\/div>\n<\/div>\n<\/div>\n<\/div>\n<div id=\"cmsmasters_row_69d64572d5014\" class=\"cmsmasters_row cmsmasters_color_scheme_default cmsmasters_row_top_default cmsmasters_row_bot_default cmsmasters_row_boxed\">\n<div class=\"cmsmasters_row_outer_parent\">\n<div class=\"cmsmasters_row_outer\">\n<div class=\"cmsmasters_row_inner\">\n<div class=\"cmsmasters_row_margin\">\n<div class=\"cmsmasters_column one_third\">\n<div class=\"cmsmasters_text\">\n<p style=\"text-align: left;\">A. Mete TUNCOKU, Prof. Dr.<\/p>\n<p style=\"text-align: left;\">Ali R\u0131za BALAMAN, Prof. Dr.<\/p>\n<p style=\"text-align: left;\">Anwaar AHMAD, Prof. Dr.<\/p>\n<p style=\"text-align: left;\">Ayla KA\u015eO\u011eLU, Prof. Dr.<\/p>\n<p style=\"text-align: left;\">Korhan KAYA, Prof. Dr.<\/p>\n<p style=\"text-align: left;\">Naoki INAGAKI, Prof. Dr.<\/p>\n<p style=\"text-align: left;\">Ravinder N. MENON, Prof. Dr.<\/p>\n<p style=\"text-align: left;\">Rubina TAREEN, Prof. Dr.<\/p>\n<p style=\"text-align: left;\">Yingjie WANG, Prof. Dr.<\/p>\n<p style=\"text-align: left;\">Smita TEWARI JASSAL, Assoc. Prof. Dr.<\/p>\n<\/div>\n<\/div>\n<div class=\"cmsmasters_column two_third\">\n<div class=\"cmsmasters_text\">\n<p style=\"text-align: left;\">\u00c7anakkale Onsekiz Mart University, Turkey<\/p>\n<p style=\"text-align: left;\">Dokuz Eyl\u00fcl University, Turkey<\/p>\n<p style=\"text-align: left;\">National Language Authority, Pakistan<\/p>\n<p style=\"text-align: left;\">Gazi University, Turkey<\/p>\n<p style=\"text-align: left;\">Ankara University, Turkey<\/p>\n<p style=\"text-align: left;\">Kyoto University, Japan<\/p>\n<p style=\"text-align: left;\">Jawaharlal Nehru University<\/p>\n<p style=\"text-align: left;\">Bahauddin Zakariya University, Pakistan<\/p>\n<p style=\"text-align: left;\">Dalian Nationalities University, China<\/p>\n<p style=\"text-align: left;\">Middle East Technical University, Turkey<\/p>\n<\/div>\n<\/div>\n<\/div>\n<\/div>\n<\/div>\n<\/div>\n<\/div>\n<div id=\"cmsmasters_row_69d64572d519b\" class=\"cmsmasters_row cmsmasters_color_scheme_default cmsmasters_row_top_default cmsmasters_row_bot_default cmsmasters_row_boxed\">\n<div class=\"cmsmasters_row_outer_parent\">\n<div class=\"cmsmasters_row_outer\">\n<div class=\"cmsmasters_row_inner\">\n<div class=\"cmsmasters_row_margin\">\n<div class=\"cmsmasters_column one_first\">\n\n<div id=\"cmsmasters_divider_69d64572d6130\" class=\"cmsmasters_divider cmsmasters_divider_width_long cmsmasters_divider_pos_center\"><\/div><div class=\"cmsmasters_text\">\n<h1>REFEREE<\/h1>\n<\/div>\n<\/div>\n<\/div>\n<\/div>\n<\/div>\n<\/div>\n<\/div>\n<div id=\"cmsmasters_row_69d64572d61a7\" class=\"cmsmasters_row cmsmasters_color_scheme_default cmsmasters_row_top_default cmsmasters_row_bot_default cmsmasters_row_boxed\">\n<div class=\"cmsmasters_row_outer_parent\">\n<div class=\"cmsmasters_row_outer\">\n<div class=\"cmsmasters_row_inner\">\n<div class=\"cmsmasters_row_margin\">\n<div class=\"cmsmasters_column one_third\">\n<div class=\"cmsmasters_text\">\n<p>Asuman BELEN \u00d6ZCAN, Prof. Dr.<\/p>\n<p>Ay\u015fe Nur TEKMEN, Prof. Dr.<\/p>\n<p>Celal SOYDAN<\/p>\n<p>Sevin\u00e7 \u00dc\u00c7G\u00dcL, Prof. Dr.<\/p>\n<p>Sushant Kumar MISHRA, Prof. Dr.<\/p>\n<p>Ali K\u00dc\u00c7\u00dcKLER, Assoc. Prof. Dr.<\/p>\n<p>Ali Volkan ERDEM\u0130R, Assoc. Prof. Dr.<\/p>\n<p>H. Derya CAN, Assoc. Prof. Dr.<\/p>\n<p>Muhittin KAPAN\u015eAH\u0130N, Assoc. Prof. Dr.<\/p>\n<p>H\u00fcseyin \u0130\u00c7EN, Assist. Prof. Dr.<\/p>\n<\/div>\n<\/div>\n<div class=\"cmsmasters_column two_third\">\n<div class=\"cmsmasters_text\">\n<p>Ankara University, Turkey<\/p>\n<p>Ankara University, Turkey<\/p>\n<p>Ankara University, Turkey<\/p>\n<p>Erciyes University, Turkey<\/p>\n<p>Indira Gandhi Ulusal University, India<\/p>\n<p>Erciyes University, Turkey<\/p>\n<p>Erciyes University, Turkey<\/p>\n<p>Ankara University, Turkey<\/p>\n<p>Erciyes University, Turkey<\/p>\n<p>Middle East Technical University, Turkey<\/p>\n<\/div>\n<\/div>\n<\/div>\n<\/div>\n<\/div>\n<\/div>\n<\/div>\n<div id=\"cmsmasters_row_69d64572d631f\" class=\"cmsmasters_row cmsmasters_color_scheme_default cmsmasters_row_top_default cmsmasters_row_bot_default cmsmasters_row_boxed\">\n<div class=\"cmsmasters_row_outer_parent\">\n<div class=\"cmsmasters_row_outer\">\n<div class=\"cmsmasters_row_inner\">\n<div class=\"cmsmasters_row_margin\">\n<div class=\"cmsmasters_column one_first\">\n\n<div id=\"cmsmasters_divider_69d64572d7315\" class=\"cmsmasters_divider cmsmasters_divider_width_long cmsmasters_divider_pos_center\"><\/div>\n<div id=\"cmsmasters_heading_69d64572d8375\" class=\"cmsmasters_heading_wrap cmsmasters_heading_align_left\">\n\t<h2 class=\"cmsmasters_heading\">ORGANIZING COMMITTEE<\/h2>\n<\/div>\n<\/div>\n<\/div>\n<\/div>\n<\/div>\n<\/div>\n<\/div>\n<div id=\"cmsmasters_row_69d64572d83e8\" class=\"cmsmasters_row cmsmasters_color_scheme_default cmsmasters_row_top_default cmsmasters_row_bot_default cmsmasters_row_boxed\">\n<div class=\"cmsmasters_row_outer_parent\">\n<div class=\"cmsmasters_row_outer\">\n<div class=\"cmsmasters_row_inner\">\n<div class=\"cmsmasters_row_margin\">\n<div class=\"cmsmasters_column one_third\">\n<div class=\"cmsmasters_text\">\n<p>Sevin\u00e7 \u00dc\u00c7G\u00dcL, Prof. Dr.<\/p>\n<p>Ali K\u00dc\u00c7\u00dcKLER, Assoc.Prof. Dr.<\/p>\n<p>Do\u00e7. Dr. Ali Volkan ERDEM\u0130R, Assoc.Prof. Dr.<\/p>\n<p>Yrd. Do\u00e7. Dr. Erdem ER\u0130N\u00c7, Assis.Prof. Dr.<\/p>\n<p>Shuichi KUCHIKATA, Lecturer<\/p>\n<p>Didem YILMAZ, Res. Assist.<\/p>\n<p>Feyza G\u00d6REZ, Res. Assist.<\/p>\n<\/div>\n<\/div>\n<div class=\"cmsmasters_column two_third\">\n<div class=\"cmsmasters_text\">\n<p>Erciyes University, Turkey<\/p>\n<p>Erciyes University, Turkey<\/p>\n<p>Erciyes University, Turkey<\/p>\n<p>Erciyes University, Turkey<\/p>\n<p>Erciyes University, Turkey<\/p>\n<p>Erciyes University, Turkey<\/p>\n<p>Erciyes University, Turkey<\/p>\n<\/div>\n<\/div>\n<\/div>\n<\/div>\n<\/div>\n<\/div>\n<\/div>\n<\/p>","protected":false},"excerpt":{"rendered":"","protected":false},"author":1,"featured_media":0,"parent":0,"menu_order":0,"comment_status":"closed","ping_status":"closed","template":"","meta":[],"_links":{"self":[{"href":"https:\/\/ades.erciyes.edu.tr\/en\/wp-json\/wp\/v2\/pages\/7245"}],"collection":[{"href":"https:\/\/ades.erciyes.edu.tr\/en\/wp-json\/wp\/v2\/pages"}],"about":[{"href":"https:\/\/ades.erciyes.edu.tr\/en\/wp-json\/wp\/v2\/types\/page"}],"author":[{"embeddable":true,"href":"https:\/\/ades.erciyes.edu.tr\/en\/wp-json\/wp\/v2\/users\/1"}],"replies":[{"embeddable":true,"href":"https:\/\/ades.erciyes.edu.tr\/en\/wp-json\/wp\/v2\/comments?post=7245"}],"version-history":[{"count":11,"href":"https:\/\/ades.erciyes.edu.tr\/en\/wp-json\/wp\/v2\/pages\/7245\/revisions"}],"predecessor-version":[{"id":8058,"href":"https:\/\/ades.erciyes.edu.tr\/en\/wp-json\/wp\/v2\/pages\/7245\/revisions\/8058"}],"wp:attachment":[{"href":"https:\/\/ades.erciyes.edu.tr\/en\/wp-json\/wp\/v2\/media?parent=7245"}],"curies":[{"name":"wp","href":"https:\/\/api.w.org\/{rel}","templated":true}]}}