{"id":7233,"date":"2016-06-12T21:24:33","date_gmt":"2016-06-12T18:24:33","guid":{"rendered":"http:\/\/ades.erciyes.edu.tr\/?page_id=7233"},"modified":"2016-06-22T16:14:51","modified_gmt":"2016-06-22T13:14:51","slug":"ades-2-symposium-program","status":"publish","type":"page","link":"https:\/\/ades.erciyes.edu.tr\/en\/ades-2-symposium-program\/","title":{"rendered":"Ades 2 &#8211; Symposium Program"},"content":{"rendered":"<style type=\"text\/css\"> \n#cmsmasters_row_69e7f556945c1 .cmsmasters_row_outer_parent { \n\tpadding-top: 0px; \n} \n\n#cmsmasters_row_69e7f556945c1 .cmsmasters_row_outer_parent { \n\tpadding-bottom: 50px; \n} \n\n \n#cmsmasters_row_69e7f55694668 .cmsmasters_row_outer_parent { \n\tpadding-top: 0px; \n} \n\n#cmsmasters_row_69e7f55694668 .cmsmasters_row_outer_parent { \n\tpadding-bottom: 50px; \n} \n\n \n#cmsmasters_heading_69e7f55695de9 { \n\ttext-align:left; \n\tmargin-top:0px; \n\tmargin-bottom:20px; \n} \n\n#cmsmasters_heading_69e7f55695de9 .cmsmasters_heading { \n\ttext-align:left; \n} \n\n#cmsmasters_heading_69e7f55695de9 .cmsmasters_heading, #cmsmasters_heading_69e7f55695de9 .cmsmasters_heading a { \n\tfont-weight:normal; \n\tfont-style:normal; \n} \n\n#cmsmasters_heading_69e7f55695de9 .cmsmasters_heading_divider { \n} \n\n \n#cmsmasters_heading_69e7f556984cc { \n\ttext-align:left; \n\tmargin-top:0px; \n\tmargin-bottom:20px; \n} \n\n#cmsmasters_heading_69e7f556984cc .cmsmasters_heading { \n\ttext-align:left; \n} \n\n#cmsmasters_heading_69e7f556984cc .cmsmasters_heading, #cmsmasters_heading_69e7f556984cc .cmsmasters_heading a { \n\tfont-weight:normal; \n\tfont-style:normal; \n} \n\n#cmsmasters_heading_69e7f556984cc .cmsmasters_heading_divider { \n} \n\n \n#cmsmasters_row_69e7f556985ef .cmsmasters_row_outer_parent { \n\tpadding-top: 0px; \n} \n\n#cmsmasters_row_69e7f556985ef .cmsmasters_row_outer_parent { \n\tpadding-bottom: 50px; \n} \n\n \n#cmsmasters_heading_69e7f5569a236 { \n\ttext-align:left; \n\tmargin-top:0px; \n\tmargin-bottom:20px; \n} \n\n#cmsmasters_heading_69e7f5569a236 .cmsmasters_heading { \n\ttext-align:left; \n} \n\n#cmsmasters_heading_69e7f5569a236 .cmsmasters_heading, #cmsmasters_heading_69e7f5569a236 .cmsmasters_heading a { \n\tfont-weight:normal; \n\tfont-style:normal; \n} \n\n#cmsmasters_heading_69e7f5569a236 .cmsmasters_heading_divider { \n} \n\n \n#cmsmasters_divider_69e7f5569b1ba { \n\tborder-bottom-width:1px; \n\tborder-bottom-style:solid; \n\tpadding-top:50px; \n\tmargin-bottom:50px; \n} \n \n#cmsmasters_divider_69e7f5569c1a1 { \n\tborder-bottom-width:1px; \n\tborder-bottom-style:solid; \n\tpadding-top:50px; \n\tmargin-bottom:50px; \n} \n \n#cmsmasters_divider_69e7f5569d077 { \n\tborder-bottom-width:1px; \n\tborder-bottom-style:solid; \n\tpadding-top:50px; \n\tmargin-bottom:50px; \n} \n \n#cmsmasters_divider_69e7f5569e080 { \n\tborder-bottom-width:1px; \n\tborder-bottom-style:solid; \n\tpadding-top:50px; \n\tmargin-bottom:50px; \n} \n \n#cmsmasters_divider_69e7f5569f040 { \n\tborder-bottom-width:1px; \n\tborder-bottom-style:solid; \n\tpadding-top:50px; \n\tmargin-bottom:50px; \n} \n \n#cmsmasters_divider_69e7f556a0104 { \n\tborder-bottom-width:1px; \n\tborder-bottom-style:solid; \n\tpadding-top:50px; \n\tmargin-bottom:50px; \n} \n \n#cmsmasters_divider_69e7f556a1068 { \n\tborder-bottom-width:1px; \n\tborder-bottom-style:solid; \n\tpadding-top:50px; \n\tmargin-bottom:50px; \n} \n \n#cmsmasters_row_69e7f556a1184 .cmsmasters_row_outer_parent { \n\tpadding-top: 0px; \n} \n\n#cmsmasters_row_69e7f556a1184 .cmsmasters_row_outer_parent { \n\tpadding-bottom: 50px; \n} \n\n \n#cmsmasters_heading_69e7f556a2461 { \n\ttext-align:left; \n\tmargin-top:0px; \n\tmargin-bottom:20px; \n} \n\n#cmsmasters_heading_69e7f556a2461 .cmsmasters_heading { \n\ttext-align:left; \n} \n\n#cmsmasters_heading_69e7f556a2461 .cmsmasters_heading, #cmsmasters_heading_69e7f556a2461 .cmsmasters_heading a { \n\tfont-weight:normal; \n\tfont-style:normal; \n} \n\n#cmsmasters_heading_69e7f556a2461 .cmsmasters_heading_divider { \n} \n\n \n#cmsmasters_divider_69e7f556a34a7 { \n\tborder-bottom-width:1px; \n\tborder-bottom-style:solid; \n\tpadding-top:50px; \n\tmargin-bottom:50px; \n} \n \n#cmsmasters_divider_69e7f556a4420 { \n\tborder-bottom-width:1px; \n\tborder-bottom-style:solid; \n\tpadding-top:50px; \n\tmargin-bottom:50px; \n} \n \n#cmsmasters_divider_69e7f556a545c { \n\tborder-bottom-width:1px; \n\tborder-bottom-style:solid; \n\tpadding-top:50px; \n\tmargin-bottom:50px; \n} \n \n#cmsmasters_divider_69e7f556a63ee { \n\tborder-bottom-width:1px; \n\tborder-bottom-style:solid; \n\tpadding-top:50px; \n\tmargin-bottom:50px; \n} \n \n#cmsmasters_divider_69e7f556a735d { \n\tborder-bottom-width:1px; \n\tborder-bottom-style:solid; \n\tpadding-top:50px; \n\tmargin-bottom:50px; \n} \n \n#cmsmasters_row_69e7f556a7491 .cmsmasters_row_outer_parent { \n\tpadding-top: 0px; \n} \n\n#cmsmasters_row_69e7f556a7491 .cmsmasters_row_outer_parent { \n\tpadding-bottom: 50px; \n} \n\n \n#cmsmasters_heading_69e7f556a855a { \n\ttext-align:left; \n\tmargin-top:0px; \n\tmargin-bottom:20px; \n} \n\n#cmsmasters_heading_69e7f556a855a .cmsmasters_heading { \n\ttext-align:left; \n} \n\n#cmsmasters_heading_69e7f556a855a .cmsmasters_heading, #cmsmasters_heading_69e7f556a855a .cmsmasters_heading a { \n\tfont-weight:normal; \n\tfont-style:normal; \n} \n\n#cmsmasters_heading_69e7f556a855a .cmsmasters_heading_divider { \n} \n\n \n#cmsmasters_heading_69e7f556a9430 { \n\ttext-align:left; \n\tmargin-top:0px; \n\tmargin-bottom:20px; \n} \n\n#cmsmasters_heading_69e7f556a9430 .cmsmasters_heading { \n\ttext-align:left; \n} \n\n#cmsmasters_heading_69e7f556a9430 .cmsmasters_heading, #cmsmasters_heading_69e7f556a9430 .cmsmasters_heading a { \n\tfont-weight:normal; \n\tfont-style:normal; \n} \n\n#cmsmasters_heading_69e7f556a9430 .cmsmasters_heading_divider { \n} \n\n \n#cmsmasters_row_69e7f556a94a0 .cmsmasters_row_outer_parent { \n\tpadding-top: 0px; \n} \n\n#cmsmasters_row_69e7f556a94a0 .cmsmasters_row_outer_parent { \n\tpadding-bottom: 50px; \n} \n\n<\/style><p><div id=\"cmsmasters_row_69e7f556a7491\" class=\"cmsmasters_row cmsmasters_color_scheme_default cmsmasters_row_top_default cmsmasters_row_bot_default cmsmasters_row_boxed\">\n<div class=\"cmsmasters_row_outer_parent\">\n<div class=\"cmsmasters_row_outer\">\n<div class=\"cmsmasters_row_inner\">\n<div class=\"cmsmasters_row_margin\">\n<div class=\"cmsmasters_column one_first\">\n<div class=\"cmsmasters_text\">\n<p>&nbsp;<\/p>\n<p>&nbsp;<\/p>\n<p>&nbsp;<\/p>\n<\/div>\n\n<div id=\"cmsmasters_heading_69e7f556a855a\" class=\"cmsmasters_heading_wrap cmsmasters_heading_align_left\">\n\t<h1 class=\"cmsmasters_heading\">2nd International Symposium on Asian Languages and Literatures<\/h1>\n<\/div>\n<div id=\"cmsmasters_heading_69e7f556a9430\" class=\"cmsmasters_heading_wrap cmsmasters_heading_align_left\">\n\t<h1 class=\"cmsmasters_heading\">Symposium Program<\/h1>\n<\/div>\n<\/div>\n<\/div>\n<\/div>\n<\/div>\n<\/div>\n<\/div>\n<div id=\"cmsmasters_row_69e7f556a94a0\" class=\"cmsmasters_row cmsmasters_color_scheme_default cmsmasters_row_top_default cmsmasters_row_bot_default cmsmasters_row_boxed\">\n<div class=\"cmsmasters_row_outer_parent\">\n<div class=\"cmsmasters_row_outer\">\n<div class=\"cmsmasters_row_inner\">\n<div class=\"cmsmasters_row_margin\">\n<div class=\"cmsmasters_column one_first\">\n<div class=\"cmsmasters_text\">\n<p><strong>\u00a0<\/strong><\/p>\n<h3><strong>May 3, 2012 Thursday<\/strong><\/h3>\n<p><strong>09:00<\/strong><strong>\u00a0\u00a0\u00a0\u00a0\u00a0\u00a0\u00a0 <\/strong><strong>Registration<\/strong><\/p>\n<p><strong>09:30<\/strong><strong>\u00a0\u00a0\u00a0\u00a0\u00a0\u00a0\u00a0 Opening Ceremony (Homage and National Anthem)<\/strong><\/p>\n<p><strong>\u00a0\u00a0\u00a0\u00a0\u00a0\u00a0\u00a0\u00a0\u00a0\u00a0\u00a0\u00a0\u00a0\u00a0\u00a0\u00a0 Opening Show<\/strong><\/p>\n<p><strong>\u00a0\u00a0\u00a0\u00a0\u00a0\u00a0\u00a0\u00a0\u00a0\u00a0\u00a0\u00a0\u00a0\u00a0\u00a0\u00a0 Opening Remarks<\/strong><\/p>\n<p style=\"padding-left: 60px;\">Prof. Dr. \u00dcmit Tokatl\u0131<\/p>\n<p style=\"padding-left: 60px;\">Dean &#8211; Erciyes University, Faculty of Arts<\/p>\n<p style=\"padding-left: 60px;\">Prof. Dr. H. Fahrettin Kele\u015ftemur<\/p>\n<p style=\"padding-left: 60px;\">Rector &#8211; Erciyes University<\/p>\n<p style=\"padding-left: 60px;\"><strong>Keynote Speaker<\/strong><br \/>\nProf. Dr. Mete Tuncoku<br \/>\n\u00c7anakkale Onsekiz Mart University<\/p>\n<p><strong>10:30\u00a0\u00a0\u00a0\u00a0\u00a0\u00a0\u00a0 Coffee Break<\/strong><\/p>\n<p><strong>10:45\u00a0\u00a0\u00a0\u00a0\u00a0\u00a0\u00a0 <\/strong><strong>Plenary Session (The Teaching Asian Languages in the 21st Century)<\/strong><\/p>\n<p style=\"padding-left: 60px;\"><strong>Chair:<\/strong> Prof. Dr. Mete Tuncoku (\u00c7anakkale Onsekiz Mart University, Turkey)<\/p>\n<p style=\"padding-left: 60px;\">Prof. Dr. Ayla Ka\u015fo\u011flu (Gazi University, Turkey)<\/p>\n<p style=\"padding-left: 60px;\">Prof. Dr. Ali R\u0131za Balaman (Sosyal Antropolog, Turkey)<\/p>\n<p style=\"padding-left: 60px;\">Prof. Dr. B\u00fclent Okay (Ankara University, Turkey)<\/p>\n<p><strong>12:00\u00a0\u00a0\u00a0\u00a0\u00a0\u00a0\u00a0 Lunch\u00a0\u00a0\u00a0\u00a0\u00a0\u00a0\u00a0\u00a0\u00a0\u00a0\u00a0\u00a0\u00a0\u00a0\u00a0\u00a0\u00a0\u00a0\u00a0\u00a0\u00a0\u00a0\u00a0\u00a0\u00a0\u00a0\u00a0\u00a0\u00a0\u00a0\u00a0\u00a0\u00a0\u00a0\u00a0 <\/strong><\/p>\n<table>\n<tbody>\n<tr>\n<td colspan=\"2\" width=\"478\"><strong>13:30\u00a0\u00a0\u00a0\u00a0 <u>SESSION I<\/u><\/strong><\/td>\n<\/tr>\n<tr>\n<td width=\"239\"><strong>HALL 1: <\/strong><strong>The Use of Technology in the Teaching of Foreign Languages<\/strong><\/td>\n<td width=\"239\"><strong>HALL 2: \u00a0 <\/strong><strong>The Interaction Between Language and Culture<\/strong><\/td>\n<\/tr>\n<tr>\n<td width=\"239\"><strong>Assist. Prof. Dr. A. Volkan Erdemir<\/strong><br \/>\nChairCORPUS-Assisted Language Learning: A New Approach to CALL for Teaching Japanese Using N-gram Expressions<br \/>\n<strong>PhD C. Yoko Niimi, Tatsuya Sakaue<\/strong>The Use of Technology in the Teaching of Foreign Languages<br \/>\n<strong>Instructor<\/strong> <strong>Salu D Souza, Dr. Shashikantha Koudur<\/strong>&nbsp;<\/p>\n<p>An Attempt to Create Can-Do Statements for the Text Chat Activity in Japanese<br \/>\n<strong>Specialist Yoshiko Muraki, Specialist Jun Arisue<\/strong><\/p>\n<p>Using audio recordings in the teaching of foreign languages<br \/>\n<strong>Lect<\/strong><strong>. <\/strong><strong>Laurie Chou<\/strong><\/p>\n<p>POSTER<\/p>\n<p>Using TV NEWS in the Japanese Language Classroom: How to build a Multimedia Didactic Unit<br \/>\n<strong>Dr. Francesco Saverio Vitucci<\/strong><\/td>\n<td width=\"239\"><strong>Prof. Dr. Ayla Ka\u015fo\u011flu <\/strong><br \/>\nChairDil K\u00fclt\u00fcr Ba\u011flam\u0131nda Viktoriya Tokareva&#8217;n\u0131n \u00d6yk\u00fclerinde Aforizmalar\u0131n Yeri The Place Of Aphorisms Within The Context Of Language- Culture In The Short Stories Of The Viktoria Tokareva<br \/>\n<strong>Res. Assist. Eda Havva Tan<\/strong>Gereklik ve Yeterlik Kipinin Kullan\u0131m\u0131nda Ortaya \u00c7\u0131kan Geli\u015fmeler ve Yabanc\u0131lara T\u00fcrk\u00e7e \u00d6\u011fretimine Yans\u0131malar\u0131 Improvements Emerging On Use of Potential Mood and Obligation Mood in Turkish Language and Reflections on Teaching Turkish to Foreigners<br \/>\n<strong>Dr. Mustafa \u00c7etin<\/strong>&nbsp;<\/p>\n<p>Rusya&#8217;daki Sosyo-K\u00fclt\u00fcrel De\u011fi\u015fimlerin Dil \u00dczerindeki Etkilerine ve Rus\u00e7an\u0131n Ge\u00e7irdi\u011fi Geli\u015fim A\u015famalar\u0131na Genel Bir Bak\u0131\u015f General Overview on the Effects of Socio-Cultural Changes on Language in Russia and Development Phases of Russian<br \/>\n<strong>Assist. Prof. Dr. Gamze \u00d6ks\u00fcz<\/strong><\/p>\n<p>Rus Dilindeki Egzotik Kelimeler Exotic Words In Russian Language<br \/>\n<strong>Res. Assist. Selin Tekeli<\/strong><\/td>\n<\/tr>\n<\/tbody>\n<\/table>\n<p><strong>14:50\u00a0\u00a0\u00a0\u00a0\u00a0\u00a0\u00a0 Coffee Break<\/strong><\/p>\n<table>\n<tbody>\n<tr>\n<td colspan=\"2\" width=\"478\"><strong>15:00\u00a0\u00a0\u00a0\u00a0 <u>SESSION II<\/u><\/strong><\/td>\n<\/tr>\n<tr>\n<td width=\"239\"><strong>HALL 1: <\/strong><strong>The Interaction Between Language and Culture <\/strong><\/td>\n<td width=\"239\"><strong>HALL 2: \u00a0 <\/strong><strong>Foreign Language Teaching and Media <\/strong><\/td>\n<\/tr>\n<tr>\n<td width=\"239\"><strong>Prof. Dr. Yingjie Wang<\/strong><\/p>\n<p>Chair<\/p>\n<p>Similarities and Differences in Conceptualizing &#8220;Heart&#8221; in Chinese and Serbian and Their Practical Use in Language Teaching<\/p>\n<p><strong>Dr. Ana Jovanovic<\/strong><\/p>\n<p>Teaching a foreign language involves teaching its culture<\/p>\n<p><strong>Assist. Prof. Dr. Amir Khalilzadeh<\/strong><\/p>\n<p>Proverb and Antiproverb<\/p>\n<p><strong>Assist. Prof. Dr. Ashutosh Anand<\/strong><\/p>\n<p>Azerbaycan ve T\u00fcrkiye T\u00fcrk\u00e7esinde \u201cBaba\u201d Bile\u015feni \u0130\u00e7eren Deyimler<\/p>\n<p>The Kinship Term &#8220;Baba\/Father&#8221; Used in Azerbaijani and Turkish Phraseological Units<\/p>\n<p><strong>PhD C. Nurengiz E\u015fki<\/strong><\/td>\n<td width=\"239\"><strong>Prof. Dr. B\u00fclent Okay<\/strong><\/p>\n<p>Chair<\/p>\n<p>Using Movies in the Writing Classroom: A Case Study of Malaysian ESL Learners<\/p>\n<p><strong>Dr. Rahmat Noor Hanim<\/strong><\/p>\n<p>\u00c7in Dilinin \u00c7ocuklara \u00d6\u011fretimi S\u00fcrecinde Kullan\u0131lan Animasyon Filmlerde Sinemasal Tasar\u0131m<\/p>\n<p>Cinematic Design in Animated Films which are Used on the Teaching Process of Chinese Language to Children<\/p>\n<p><strong>Assist. Prof. Dr. Yasemin K\u0131l\u0131n\u00e7arslan<\/strong><\/p>\n<p>Popularity of Turkish Media and its Effect on Turkish Language Learning of Azerbaijani Minority in Iran<\/p>\n<p><strong>PhD. C. Omid Shokri Kalehsar, PhD. C. Mehdi Solhi<\/strong><\/p>\n<p>Chinese &amp; Turkish News Vocabularies, Sentence Structures Comparions<\/p>\n<p><strong>Lect. Yuan Zhang<\/strong><\/td>\n<\/tr>\n<\/tbody>\n<\/table>\n<p><strong>16:20\u00a0\u00a0\u00a0\u00a0\u00a0\u00a0\u00a0 Coffee Break<\/strong><\/p>\n<table>\n<tbody>\n<tr>\n<td colspan=\"2\" width=\"478\"><strong>16:30\u00a0\u00a0\u00a0\u00a0 <u>SESSION III<\/u><\/strong><\/td>\n<\/tr>\n<tr>\n<td width=\"239\"><strong>HALL 1: <\/strong><strong>The Interaction Between Language and Culture<\/strong><\/td>\n<td width=\"239\"><strong>HALL 2: \u00a0 <\/strong><strong>Translation in Foreign Language Teaching<\/strong><\/td>\n<\/tr>\n<tr>\n<td width=\"239\"><strong>Prof. Dr. Ali R\u0131za Balaman<\/strong><\/p>\n<p>Chair<\/p>\n<p>Sar\u0131 Uygurlar\u0131n Sosyo-K\u00fclt\u00fcrel Hayat\u0131nda Dil-K\u00fclt\u00fcr \u0130li\u015fkisi Hakk\u0131nda Bir \u0130nceleme<\/p>\n<p>A Study on Language-Culture Relation of Sari Uighur&#8217;s Social-Cultural Life<\/p>\n<p><strong>Assist. Prof. Dr. Ey\u00fcp Sar\u0131ta\u015f<\/strong><\/p>\n<p>Intercultural Obstacles in Foreign Language Teaching: the Case of Farsi as a Foreign Language (FFL)<\/p>\n<p><strong>Res. Assist. Fatemeh Jafari<\/strong><\/p>\n<p>Milli K\u00fclt\u00fcr Simgesi Olarak Nasrettin Hoca<\/p>\n<p>Nasreddin Hodja as a Symbol of National Culture<\/p>\n<p><strong>PhD. C. Sevil Karde\u015f<\/strong><\/td>\n<td width=\"239\"><strong>Assoc. Prof. Dr. Sevin\u00e7 \u00dc\u00e7g\u00fcl<\/strong><\/p>\n<p>Chair<\/p>\n<p>Issues of Mandarin-English Translation in Reading Comprehension Tasks in the Textbook of Edexcel Chinese for GCE AS<\/p>\n<p><strong>Shih Ching Huang<\/strong><\/p>\n<p>Rus Dili \u00d6\u011fretiminde Edebi \u00c7evirilerin Kullan\u0131m\u0131<\/p>\n<p>The Use of Literary Translations in Teaching Russian<\/p>\n<p><strong>Prof. Dr. Hur\u015fid \u0130sayev, Prof. Dr. Hacali Necefo\u011flu<\/strong><\/p>\n<p>T\u00fcrk\u00e7e-Japonca \u00c7evirilerdeki Fiillerinin Kullan\u0131m\u0131 \u00dczerine Bir \u00c7al\u0131\u015fma<\/p>\n<p>A study on the use of verbs in Turkish-Japanese translation<\/p>\n<p><strong>Res. Assist. Bar\u0131\u015f Kahraman, Assist. Prof. Dr. Derya Akku\u015f Sakaue, Instructor Yukiko Kondo<\/strong><\/p>\n<p>Urdu Fiction Writer as Translator<\/p>\n<p><strong>Assist. Prof. Dr.<\/strong> <strong>Suhail Ahmad Farooqi<\/strong><\/td>\n<\/tr>\n<\/tbody>\n<\/table>\n<p><strong>18:00<\/strong><strong>\u00a0\u00a0\u00a0\u00a0\u00a0\u00a0\u00a0 Departure for <\/strong><strong>Avanos <\/strong><\/p>\n<p><strong>19:30\u00a0\u00a0\u00a0\u00a0\u00a0\u00a0\u00a0 <\/strong><strong>Dinner and Turkish Night<\/strong><\/p>\n<h3><strong>May\u0131s 4, 2012 Friday\u00a0\u00a0\u00a0\u00a0\u00a0\u00a0\u00a0\u00a0\u00a0 <\/strong><\/h3>\n<table>\n<tbody>\n<tr>\n<td colspan=\"2\" width=\"478\"><strong>09:30\u00a0\u00a0\u00a0\u00a0 <u>SESSION IV<\/u><\/strong><\/td>\n<\/tr>\n<tr>\n<td width=\"238\"><strong>HALL 1:\u00a0 <\/strong><strong>Beyond Language: Ideology and Cultural Factors in Foreign Language Teaching <\/strong><\/td>\n<td width=\"241\"><strong>HALL 2: \u00a0\u00a0 <\/strong><strong>The Interaction Between Language and Culture <\/strong><\/td>\n<\/tr>\n<tr>\n<td width=\"238\"><strong>Prof. Dr. A. Mete Tuncoku <\/strong><\/p>\n<p>Chair<\/p>\n<p>The Influence of Orhan Pamuk and His Works in China<\/p>\n<p><strong>PhD. C. Qiu Hong<\/strong><\/p>\n<p>Language Policy and Foreign Language Teaching<\/p>\n<p><strong>Lect. Vladimir G. Buday <\/strong><\/p>\n<p>The South-Asian Diaspora and the Learning of Urdu as a Foreign Language<\/p>\n<p><strong>PhD. Sch. Muhammad Asif, Res. Assist. PhD. Sch. Asif Saleem, PhD. Sch. Riaz Hussain, Prof. Dr. Mamuna Ghani<\/strong><\/p>\n<p>Cultural Peculiarities Of Similes<\/p>\n<p><strong>Prof. Dr. Ravinder N. Menon<\/strong><\/p>\n<p>Japonca \u00d6\u011fretiminde D\u00fc\u015f\u00fcnme Fillerinin \u201cteiru\u201d Formu<\/p>\n<p>&#8220;Teiru&#8221; Form of Japanese Verbs of Thinking<\/p>\n<p><strong>Assist. Prof. Dr. Ali Aycan Koluk\u0131sa<\/strong><\/td>\n<td width=\"241\"><strong>Assoc. Prof. Dr. S. G\u00f6ksel T\u00fcrk\u00f6z\u00fc<\/strong><\/p>\n<p>Chair<\/p>\n<p>Kore Halk Edebiyat\u0131nda Ruh (Tin) ile ilgili \u0130nan\u00e7lar\u0131<\/p>\n<p>Beliefs about The spirit in Korean Folk Literature<\/p>\n<p><strong>Lect. Min Ji Yang <\/strong><\/p>\n<p>Kore&#8217;de ve Turkey&#8217;de Do\u011fumla \u0130lgili Gelenek- G\u00f6reneklerin Dile Yans\u0131mas\u0131<\/p>\n<p>Reflection of Customs about Birth in Turkey and in Korea<\/p>\n<p><strong>Res. Assist. Candan K. Giray<\/strong><\/p>\n<p>Kore\u2019de Kutlanan \u00d6zel G\u00fcnlerin Dil K\u00fclt\u00fcr A\u00e7\u0131s\u0131ndan \u0130ncelenmesi<\/p>\n<p>An Analysis Of The Special Days Celebrated In Korea In Terms Of The Language-Society Relationship<\/p>\n<p><strong>Res. Assist. Nihan Karaku\u015f Harmanc\u0131<\/strong><\/td>\n<\/tr>\n<\/tbody>\n<\/table>\n<p><strong>10:50\u00a0\u00a0\u00a0\u00a0\u00a0\u00a0\u00a0 Coffee Break<\/strong><\/p>\n<table>\n<tbody>\n<tr>\n<td width=\"479\"><strong>11:00\u00a0\u00a0\u00a0\u00a0 <u>SESSION V<\/u><\/strong><\/td>\n<\/tr>\n<tr>\n<td width=\"479\"><strong>HALL 1: <\/strong><strong>New Approaches to Language Teaching Methods and Interdisciplinary Studies <\/strong><\/td>\n<\/tr>\n<tr>\n<td width=\"479\"><strong>Prof. Dr. Ay\u015fe Nur Tekmen<\/strong><\/p>\n<p>Chair<\/p>\n<p>Ba\u015flang\u0131\u00e7 Seviyesinde Yabanc\u0131lar i\u00e7in Pratik Rus Dili Grameri \u00d6\u011fretim Metodlar\u0131 ve Yakla\u015f\u0131mlar\u0131<\/p>\n<p><a name=\"_Toc197341667\"><\/a>Methods and Approaches to Teaching Practical Grammar of Russian for Foreigners at Elementary Level<\/p>\n<p><strong>PhD. C. Alihan Havu\u015f<\/strong><\/p>\n<p>The Effect of Genre-Based Pedagogy on Foreign Language Learners\u2019 Listening Comprehension<\/p>\n<p><strong>Dr. Malahat Shabani Minaabad<\/strong><\/p>\n<p>Simultaneously Learning Chinese and Japanese as Third Languages: Synergy or Futility?<\/p>\n<p><strong>Lect. Claudia Berger, Dr. Yuji Obataya<\/strong><\/p>\n<p>Edebi Eserlerin Yabanc\u0131 Dil \u00d6\u011fretimindeki Rol\u00fc<\/p>\n<p>The Role of Literary Works in Foreign Language Teaching<\/p>\n<p><strong>Res. Assist. Nilay \u00c7al\u015fim\u015fek<\/strong><\/p>\n<p>What to Teach about Chinese Characters to Foreigners<\/p>\n<p><strong>Assoc. Prof. Dr. Pengfei Chen <\/strong><\/td>\n<\/tr>\n<\/tbody>\n<\/table>\n<p><strong>12:30\u00a0\u00a0\u00a0\u00a0\u00a0\u00a0\u00a0 Lunch<\/strong><\/p>\n<p><strong>\u00a0<\/strong><\/p>\n<p><strong>\u00a0<\/strong><\/p>\n<p><strong>\u00a0<\/strong><\/p>\n<p><strong>\u00a0<\/strong><\/p>\n<table>\n<tbody>\n<tr>\n<td width=\"479\"><strong>14:00\u00a0\u00a0\u00a0\u00a0 WRAP-UP SESSION<\/strong><\/td>\n<\/tr>\n<tr>\n<td width=\"479\"><strong>HALL 1<\/strong><\/td>\n<\/tr>\n<tr>\n<td width=\"479\"><strong>Assist. Prof. Dr.<\/strong><strong> A. Volkan Erdemir<\/strong><\/p>\n<p>Chair<\/p>\n<p>Prof. Dr. A. Mete Tuncoku<\/p>\n<p>Prof. Dr. Ali R\u0131za Balaman<\/p>\n<p>Prof. Dr. Ayla Ka\u015fo\u011flu<\/p>\n<p>Prof. Dr. B\u00fclent Okay<\/p>\n<p>Prof. Dr. Yingjie Wang<\/p>\n<p>Prof. Dr. Ay\u015fe Nur Tekmen<\/p>\n<p>Assoc. Prof. Dr. Sevin\u00e7 \u00dc\u00e7g\u00fcl<\/p>\n<p>Assoc. Prof. Dr. S. G\u00f6ksel T\u00fcrk\u00f6z\u00fc<\/td>\n<\/tr>\n<\/tbody>\n<\/table>\n<p><strong>\u00a0<\/strong><\/p>\n<p><strong>16:00<\/strong><strong>\u00a0\u00a0\u00a0\u00a0\u00a0\u00a0\u00a0 <\/strong><strong>CLOSING CEREMONY<\/strong><\/p>\n<p><strong>17:00<\/strong><strong>\u00a0\u00a0\u00a0\u00a0\u00a0\u00a0\u00a0 <\/strong><strong>Sightseeing Tour in Talas <\/strong>(Sponsored by Talas Municipality)<\/p>\n<p><strong>18:00<\/strong>\u00a0\u00a0\u00a0\u00a0\u00a0\u00a0\u00a0 <strong>Dinner <\/strong>\u2013 Place: Okutan Kona\u011f\u0131 (Sponsored by Talas Municipality)<\/p>\n<\/div>\n<\/div>\n<\/div>\n<\/div>\n<\/div>\n<\/div>\n<\/div>\n<\/p>","protected":false},"excerpt":{"rendered":"","protected":false},"author":1,"featured_media":0,"parent":0,"menu_order":0,"comment_status":"closed","ping_status":"closed","template":"","meta":[],"_links":{"self":[{"href":"https:\/\/ades.erciyes.edu.tr\/en\/wp-json\/wp\/v2\/pages\/7233"}],"collection":[{"href":"https:\/\/ades.erciyes.edu.tr\/en\/wp-json\/wp\/v2\/pages"}],"about":[{"href":"https:\/\/ades.erciyes.edu.tr\/en\/wp-json\/wp\/v2\/types\/page"}],"author":[{"embeddable":true,"href":"https:\/\/ades.erciyes.edu.tr\/en\/wp-json\/wp\/v2\/users\/1"}],"replies":[{"embeddable":true,"href":"https:\/\/ades.erciyes.edu.tr\/en\/wp-json\/wp\/v2\/comments?post=7233"}],"version-history":[{"count":7,"href":"https:\/\/ades.erciyes.edu.tr\/en\/wp-json\/wp\/v2\/pages\/7233\/revisions"}],"predecessor-version":[{"id":7696,"href":"https:\/\/ades.erciyes.edu.tr\/en\/wp-json\/wp\/v2\/pages\/7233\/revisions\/7696"}],"wp:attachment":[{"href":"https:\/\/ades.erciyes.edu.tr\/en\/wp-json\/wp\/v2\/media?parent=7233"}],"curies":[{"name":"wp","href":"https:\/\/api.w.org\/{rel}","templated":true}]}}