{"id":7231,"date":"2016-06-12T21:23:19","date_gmt":"2016-06-12T18:23:19","guid":{"rendered":"http:\/\/ades.erciyes.edu.tr\/?page_id=7231"},"modified":"2016-06-19T18:00:03","modified_gmt":"2016-06-19T15:00:03","slug":"ades-2-committees","status":"publish","type":"page","link":"https:\/\/ades.erciyes.edu.tr\/en\/ades-2-committees\/","title":{"rendered":"Ades 2 &#8211; Committees"},"content":{"rendered":"<style type=\"text\/css\"> \n#cmsmasters_row_69e7e3a393deb .cmsmasters_row_outer_parent { \n\tpadding-top: 0px; \n} \n\n#cmsmasters_row_69e7e3a393deb .cmsmasters_row_outer_parent { \n\tpadding-bottom: 50px; \n} \n\n \n#cmsmasters_heading_69e7e3a394c4f { \n\ttext-align:left; \n\tmargin-top:0px; \n\tmargin-bottom:20px; \n} \n\n#cmsmasters_heading_69e7e3a394c4f .cmsmasters_heading { \n\ttext-align:left; \n} \n\n#cmsmasters_heading_69e7e3a394c4f .cmsmasters_heading, #cmsmasters_heading_69e7e3a394c4f .cmsmasters_heading a { \n\tfont-weight:normal; \n\tfont-style:normal; \n} \n\n#cmsmasters_heading_69e7e3a394c4f .cmsmasters_heading_divider { \n} \n\n \n#cmsmasters_row_69e7e3a394cbd .cmsmasters_row_outer_parent { \n\tpadding-top: 0px; \n} \n\n#cmsmasters_row_69e7e3a394cbd .cmsmasters_row_outer_parent { \n\tpadding-bottom: 50px; \n} \n\n \n#cmsmasters_row_69e7e3a394fd1 .cmsmasters_row_outer_parent { \n\tpadding-top: 0px; \n} \n\n#cmsmasters_row_69e7e3a394fd1 .cmsmasters_row_outer_parent { \n\tpadding-bottom: 50px; \n} \n\n \n#cmsmasters_heading_69e7e3a395cd6 { \n\ttext-align:left; \n\tmargin-top:0px; \n\tmargin-bottom:20px; \n} \n\n#cmsmasters_heading_69e7e3a395cd6 .cmsmasters_heading { \n\ttext-align:left; \n} \n\n#cmsmasters_heading_69e7e3a395cd6 .cmsmasters_heading, #cmsmasters_heading_69e7e3a395cd6 .cmsmasters_heading a { \n\tfont-weight:normal; \n\tfont-style:normal; \n} \n\n#cmsmasters_heading_69e7e3a395cd6 .cmsmasters_heading_divider { \n} \n\n \n#cmsmasters_row_69e7e3a395d42 .cmsmasters_row_outer_parent { \n\tpadding-top: 0px; \n} \n\n#cmsmasters_row_69e7e3a395d42 .cmsmasters_row_outer_parent { \n\tpadding-bottom: 50px; \n} \n\n \n#cmsmasters_row_69e7e3a395fe6 .cmsmasters_row_outer_parent { \n\tpadding-top: 0px; \n} \n\n#cmsmasters_row_69e7e3a395fe6 .cmsmasters_row_outer_parent { \n\tpadding-bottom: 50px; \n} \n\n \n#cmsmasters_heading_69e7e3a3970a9 { \n\ttext-align:left; \n\tmargin-top:0px; \n\tmargin-bottom:20px; \n} \n\n#cmsmasters_heading_69e7e3a3970a9 .cmsmasters_heading { \n\ttext-align:left; \n} \n\n#cmsmasters_heading_69e7e3a3970a9 .cmsmasters_heading, #cmsmasters_heading_69e7e3a3970a9 .cmsmasters_heading a { \n\tfont-weight:normal; \n\tfont-style:normal; \n} \n\n#cmsmasters_heading_69e7e3a3970a9 .cmsmasters_heading_divider { \n} \n\n \n#cmsmasters_row_69e7e3a397109 .cmsmasters_row_outer_parent { \n\tpadding-top: 0px; \n} \n\n#cmsmasters_row_69e7e3a397109 .cmsmasters_row_outer_parent { \n\tpadding-bottom: 50px; \n} \n\n \n#cmsmasters_row_69e7e3a397362 .cmsmasters_row_outer_parent { \n\tpadding-top: 0px; \n} \n\n#cmsmasters_row_69e7e3a397362 .cmsmasters_row_outer_parent { \n\tpadding-bottom: 50px; \n} \n\n \n#cmsmasters_heading_69e7e3a398450 { \n\ttext-align:left; \n\tmargin-top:0px; \n\tmargin-bottom:20px; \n} \n\n#cmsmasters_heading_69e7e3a398450 .cmsmasters_heading { \n\ttext-align:left; \n} \n\n#cmsmasters_heading_69e7e3a398450 .cmsmasters_heading, #cmsmasters_heading_69e7e3a398450 .cmsmasters_heading a { \n\tfont-weight:normal; \n\tfont-style:normal; \n} \n\n#cmsmasters_heading_69e7e3a398450 .cmsmasters_heading_divider { \n} \n\n \n#cmsmasters_row_69e7e3a3984aa .cmsmasters_row_outer_parent { \n\tpadding-top: 0px; \n} \n\n#cmsmasters_row_69e7e3a3984aa .cmsmasters_row_outer_parent { \n\tpadding-bottom: 50px; \n} \n\n<\/style><p><div id=\"cmsmasters_row_69e7e3a395fe6\" class=\"cmsmasters_row cmsmasters_color_scheme_default cmsmasters_row_top_default cmsmasters_row_bot_default cmsmasters_row_boxed\">\n<div class=\"cmsmasters_row_outer_parent\">\n<div class=\"cmsmasters_row_outer\">\n<div class=\"cmsmasters_row_inner\">\n<div class=\"cmsmasters_row_margin\">\n<div class=\"cmsmasters_column one_first\">\n<div class=\"cmsmasters_text\">\n<p>&nbsp;<\/p>\n<p>&nbsp;<\/p>\n<p>&nbsp;<\/p>\n<p>&nbsp;<\/p>\n<\/div>\n\n<div id=\"cmsmasters_heading_69e7e3a3970a9\" class=\"cmsmasters_heading_wrap cmsmasters_heading_align_left\">\n\t<h1 class=\"cmsmasters_heading\">SCIENTIFIC ADVISORY BOARD<\/h1>\n<\/div>\n<\/div>\n<\/div>\n<\/div>\n<\/div>\n<\/div>\n<\/div>\n<div id=\"cmsmasters_row_69e7e3a397109\" class=\"cmsmasters_row cmsmasters_color_scheme_default cmsmasters_row_top_default cmsmasters_row_bot_default cmsmasters_row_boxed\">\n<div class=\"cmsmasters_row_outer_parent\">\n<div class=\"cmsmasters_row_outer\">\n<div class=\"cmsmasters_row_inner\">\n<div class=\"cmsmasters_row_margin\">\n<div class=\"cmsmasters_column one_third\">\n<div class=\"cmsmasters_text\">\n<p>A. Mete Tuncoku, Prof. Dr.<\/p>\n<p>Ali R\u0131za Balaman, Prof. Dr.<\/p>\n<p>Anwaar Ahmad, Prof. Dr.<\/p>\n<p>Ayla Ka\u015fo\u011flu, Prof. Dr.<\/p>\n<p>B\u00fclent Okay, Prof. Dr.<\/p>\n<p>Korhan Kaya, Prof. Dr.<\/p>\n<p>Ravinder N. Menon, Prof. Dr.<\/p>\n<p>Rubina Tareen, Prof. Dr.<\/p>\n<p>Woonshik Choi, Prof. Dr.<\/p>\n<p>Yingjie Wang, Prof. Dr.<\/p>\n<p>Asuman Belen \u00d6zcan, Assoc. Prof. Dr.<\/p>\n<p>H. Derya Can, Assoc. Prof. Dr.<\/p>\n<p>Pengfei Chen, Assoc. Prof. Dr.<\/p>\n<p>S. G\u00f6ksel T\u00fcrk\u00f6z\u00fc, Assoc. Prof. Dr.<\/p>\n<p>Suzan Tokatl\u0131, Assoc. Prof. Dr.<\/p>\n<\/div>\n<\/div>\n<div class=\"cmsmasters_column two_third\">\n<div class=\"cmsmasters_text\">\n<p>\u00c7anakkale Onsekiz Mart University, TURKEY<\/p>\n<p>Dokuz Eyl\u00fcl University, TURKEY<\/p>\n<p>National Language Authority, PAKISTAN<\/p>\n<p>Gazi University, TURKEY<\/p>\n<p>Ankara University, TURKEY<\/p>\n<p>Ankara University, TURKEY<\/p>\n<p>Jawaharlal Nehru University, INDIA<\/p>\n<p>Bahauddin Zakariya University, PAKISTAN<\/p>\n<p>Hankuk Kyowon University, SOUTH KOREA<\/p>\n<p>Dalian Nationalities University, CHINA<\/p>\n<p>Ankara University, TURKEY<\/p>\n<p>Ankara University, TURKEY<\/p>\n<p>Tianjin Normal University, CHINA<\/p>\n<p>Erciyes University, TURKEY<\/p>\n<p>Erciyes University, TURKEY<\/p>\n<\/div>\n<\/div>\n<\/div>\n<\/div>\n<\/div>\n<\/div>\n<\/div>\n<div id=\"cmsmasters_row_69e7e3a397362\" class=\"cmsmasters_row cmsmasters_color_scheme_default cmsmasters_row_top_default cmsmasters_row_bot_default cmsmasters_row_boxed\">\n<div class=\"cmsmasters_row_outer_parent\">\n<div class=\"cmsmasters_row_outer\">\n<div class=\"cmsmasters_row_inner\">\n<div class=\"cmsmasters_row_margin\">\n<div class=\"cmsmasters_column one_first\">\n\n<div id=\"cmsmasters_heading_69e7e3a398450\" class=\"cmsmasters_heading_wrap cmsmasters_heading_align_left\">\n\t<h1 class=\"cmsmasters_heading\">ORGANIZING COMMITTEE<\/h1>\n<\/div>\n<\/div>\n<\/div>\n<\/div>\n<\/div>\n<\/div>\n<\/div>\n<div id=\"cmsmasters_row_69e7e3a3984aa\" class=\"cmsmasters_row cmsmasters_color_scheme_default cmsmasters_row_top_default cmsmasters_row_bot_default cmsmasters_row_boxed\">\n<div class=\"cmsmasters_row_outer_parent\">\n<div class=\"cmsmasters_row_outer\">\n<div class=\"cmsmasters_row_inner\">\n<div class=\"cmsmasters_row_margin\">\n<div class=\"cmsmasters_column one_third\">\n<div class=\"cmsmasters_text\">\n<p>Ay\u015fe Nur Tekmen, Prof. Dr.<\/p>\n<p>Yingjie Wang, Prof. Dr.<\/p>\n<p>Asuman \u00d6zcan, Assoc. Prof. Dr.<\/p>\n<p>Gaffar Mehdiyev, Assoc. Prof. Dr.<\/p>\n<p>H. Derya Can, Assoc. Prof. Dr.<\/p>\n<p>S. G\u00f6ksel T\u00fcrk\u00f6z\u00fc, Assoc. Prof. Dr.<\/p>\n<p>Sevin\u00e7 \u00dc\u00e7g\u00fcl, Assoc. Prof. Dr.<\/p>\n<p>Suzan Tokatl\u0131, Assoc. Prof. Dr.<\/p>\n<p>Ali K\u00fc\u00e7\u00fckler (Head), Assist. Prof. Dr.<\/p>\n<p>Ali Volkan Erdemir, Assist. Prof. Dr.<\/p>\n<p>Banu Ak\u00e7e\u015fme, Assist. Prof. Dr.<\/p>\n<p>Hatice K\u00f6ro\u011flu T\u00fcrk\u00f6z\u00fc, Assist. Prof. Dr.<\/p>\n<p>\u0130nci \u0130nce Erdo\u011fdu, Assist. Prof. Dr.<\/p>\n<p>Ayhan Ku\u015f\u00e7uluo, Lecturer<\/p>\n<p>Erdem Erin\u00e7, Res. Assist.<\/p>\n<p>Feyza G\u00f6rez, Res. Assist.<\/p>\n<p>Didem Y\u0131lmaz, Res. Assist.<\/p>\n<p>Nihan Karaku\u015f Harmanc\u0131, Res. Assist.<\/p>\n<p>Selin Tekeli, Res. Assist.<\/p>\n<\/div>\n<\/div>\n<div class=\"cmsmasters_column two_third\">\n<div class=\"cmsmasters_text\">\n<p>Ankara University, TURKEY<\/p>\n<p>Erciyes University, TURKEY<\/p>\n<p>Ankara University, TURKEY<\/p>\n<p>Erciyes University, TURKEY<\/p>\n<p>Ankara University, TURKEY<\/p>\n<p>Erciyes University, TURKEY<\/p>\n<p>Erciyes University, TURKEY<\/p>\n<p>Erciyes University, TURKEY<\/p>\n<p>Erciyes University, TURKEY<\/p>\n<p>Erciyes University, TURKEY<\/p>\n<p>Erciyes University, TURKEY<\/p>\n<p>Erciyes University, TURKEY<\/p>\n<p>Ankara University, TURKEY<\/p>\n<p>Erciyes University, TURKEY<\/p>\n<p>Erciyes University, TURKEY<\/p>\n<p>Erciyes University, TURKEY<\/p>\n<p>Erciyes University, TURKEY<\/p>\n<p>Erciyes University, TURKEY<\/p>\n<p>Erciyes University, TURKEY<\/p>\n<\/div>\n<\/div>\n<\/div>\n<\/div>\n<\/div>\n<\/div>\n<\/div>\n<\/p>","protected":false},"excerpt":{"rendered":"","protected":false},"author":1,"featured_media":0,"parent":0,"menu_order":0,"comment_status":"closed","ping_status":"closed","template":"","meta":[],"_links":{"self":[{"href":"https:\/\/ades.erciyes.edu.tr\/en\/wp-json\/wp\/v2\/pages\/7231"}],"collection":[{"href":"https:\/\/ades.erciyes.edu.tr\/en\/wp-json\/wp\/v2\/pages"}],"about":[{"href":"https:\/\/ades.erciyes.edu.tr\/en\/wp-json\/wp\/v2\/types\/page"}],"author":[{"embeddable":true,"href":"https:\/\/ades.erciyes.edu.tr\/en\/wp-json\/wp\/v2\/users\/1"}],"replies":[{"embeddable":true,"href":"https:\/\/ades.erciyes.edu.tr\/en\/wp-json\/wp\/v2\/comments?post=7231"}],"version-history":[{"count":4,"href":"https:\/\/ades.erciyes.edu.tr\/en\/wp-json\/wp\/v2\/pages\/7231\/revisions"}],"predecessor-version":[{"id":7554,"href":"https:\/\/ades.erciyes.edu.tr\/en\/wp-json\/wp\/v2\/pages\/7231\/revisions\/7554"}],"wp:attachment":[{"href":"https:\/\/ades.erciyes.edu.tr\/en\/wp-json\/wp\/v2\/media?parent=7231"}],"curies":[{"name":"wp","href":"https:\/\/api.w.org\/{rel}","templated":true}]}}