{"id":7217,"date":"2016-06-12T21:14:37","date_gmt":"2016-06-12T18:14:37","guid":{"rendered":"http:\/\/ades.erciyes.edu.tr\/?page_id=7217"},"modified":"2017-10-01T21:11:08","modified_gmt":"2017-10-01T18:11:08","slug":"ades-1-committees","status":"publish","type":"page","link":"https:\/\/ades.erciyes.edu.tr\/en\/ades-1-committees\/","title":{"rendered":"Ades 1 &#8211; Committees"},"content":{"rendered":"<style type=\"text\/css\"> \n#cmsmasters_row_69e7e39f24a38 .cmsmasters_row_outer_parent { \n\tpadding-top: 0px; \n} \n\n#cmsmasters_row_69e7e39f24a38 .cmsmasters_row_outer_parent { \n\tpadding-bottom: 50px; \n} \n\n \n#cmsmasters_row_69e7e39f25005 .cmsmasters_row_outer_parent { \n\tpadding-top: 0px; \n} \n\n#cmsmasters_row_69e7e39f25005 .cmsmasters_row_outer_parent { \n\tpadding-bottom: 50px; \n} \n\n<\/style><p><div id=\"cmsmasters_row_69e7e39f24df5\" class=\"cmsmasters_row cmsmasters_color_scheme_default cmsmasters_row_top_default cmsmasters_row_bot_default cmsmasters_row_boxed\">\n<div class=\"cmsmasters_row_outer_parent\">\n<div class=\"cmsmasters_row_outer\">\n<div class=\"cmsmasters_row_inner\">\n<div class=\"cmsmasters_row_margin\">\n<div class=\"cmsmasters_column one_first\">\n<div class=\"cmsmasters_text\">\n<p>&nbsp;<\/p>\n<p>&nbsp;<\/p>\n<p><strong><u>TECHNICAL COMMITTEE<\/u><\/strong><\/p>\n<table width=\"463\">\n<tbody>\n<tr>\n<td width=\"232\">Prof. Dr. B\u00fclent Okay<\/td>\n<td width=\"232\">(Ankara University)<\/td>\n<\/tr>\n<tr>\n<td width=\"232\">Prof. Dr. Celal Soydan<\/td>\n<td width=\"232\">(Ankara University)<\/td>\n<\/tr>\n<tr>\n<td width=\"232\">Prof. Dr. Mete Tuncoku<\/td>\n<td width=\"232\">(\u00c7anakkale Onsekiz Mart University)<\/td>\n<\/tr>\n<tr>\n<td width=\"232\">Assoc.. Dr. Derya H. Can<\/td>\n<td width=\"232\">(Ankara University)<\/td>\n<\/tr>\n<tr>\n<td width=\"232\">Assoc. Dr. G\u00f6ksel T\u00fcrk\u00f6z\u00fc<\/td>\n<td width=\"232\">(Erciyes University)<\/td>\n<\/tr>\n<tr>\n<td width=\"232\">Assoc. Dr. Sevin\u00e7 \u00dc\u00e7g\u00fcl<\/td>\n<td width=\"232\">(Erciyes University)<\/td>\n<\/tr>\n<tr>\n<td width=\"232\">Assist. Prof. Dr. Hasan Bakt\u0131r<\/td>\n<td width=\"232\">(Erciyes University)<\/td>\n<\/tr>\n<\/tbody>\n<\/table>\n<p>&nbsp;<\/p>\n<p><strong><u>ORGANIZING COMMITTEE<\/u><\/strong><\/p>\n<table>\n<tbody>\n<tr>\n<td width=\"232\">Assoc. Dr. Beyhan Asma<\/td>\n<td width=\"232\">(Russian Language and Literature)<\/td>\n<\/tr>\n<tr>\n<td width=\"232\">Assist. Prof. Dr. Ali K\u00fc\u00e7\u00fckler<\/td>\n<td width=\"232\">(Indian Languages and Literatures)<\/td>\n<\/tr>\n<tr>\n<td width=\"232\">Assist. Prof. Dr. P\u0131nar Akdo\u011fan<\/td>\n<td width=\"232\">(Japanese Language and Literature)<\/td>\n<\/tr>\n<tr>\n<td width=\"232\">Lecturer. Dr. Hatice K\u00f6ro\u011flu T\u00fcrk\u00f6z\u00fc<\/td>\n<td width=\"232\">(Korean Language and Literature)<\/td>\n<\/tr>\n<tr>\n<td width=\"232\">Reader Ayhan Ku\u015f\u00e7uluo<\/td>\n<td width=\"232\">(Japanese Language and Literature)<\/td>\n<\/tr>\n<tr>\n<td width=\"232\">Reader Didem Y\u0131lmaz<\/td>\n<td width=\"232\">(Chinese Language and Literature)<\/td>\n<\/tr>\n<tr>\n<td width=\"232\">Assistant Erdem Erin\u00e7<\/td>\n<td width=\"232\">(Russian Language and Literature)<\/td>\n<\/tr>\n<tr>\n<td width=\"232\">Assistant Feyza G\u00f6rez<\/td>\n<td width=\"232\">(Chinese Language and Literature)<\/td>\n<\/tr>\n<\/tbody>\n<\/table>\n<\/div>\n<\/div>\n<\/div>\n<\/div>\n<\/div>\n<\/div>\n<\/div>\n<div id=\"cmsmasters_row_69e7e39f25005\" class=\"cmsmasters_row cmsmasters_color_scheme_default cmsmasters_row_top_default cmsmasters_row_bot_default cmsmasters_row_boxed\">\n<div class=\"cmsmasters_row_outer_parent\">\n<div class=\"cmsmasters_row_outer\">\n<div class=\"cmsmasters_row_inner\">\n<div class=\"cmsmasters_row_margin\">\n<div class=\"cmsmasters_column one_first\">\n<div class=\"cmsmasters_text\">\n<p>&nbsp;<\/p>\n<p>&nbsp;<\/p>\n<\/div>\n<\/div>\n<\/div>\n<\/div>\n<\/div>\n<\/div>\n<\/div>\n<\/p>","protected":false},"excerpt":{"rendered":"","protected":false},"author":1,"featured_media":0,"parent":0,"menu_order":0,"comment_status":"closed","ping_status":"closed","template":"","meta":[],"_links":{"self":[{"href":"https:\/\/ades.erciyes.edu.tr\/en\/wp-json\/wp\/v2\/pages\/7217"}],"collection":[{"href":"https:\/\/ades.erciyes.edu.tr\/en\/wp-json\/wp\/v2\/pages"}],"about":[{"href":"https:\/\/ades.erciyes.edu.tr\/en\/wp-json\/wp\/v2\/types\/page"}],"author":[{"embeddable":true,"href":"https:\/\/ades.erciyes.edu.tr\/en\/wp-json\/wp\/v2\/users\/1"}],"replies":[{"embeddable":true,"href":"https:\/\/ades.erciyes.edu.tr\/en\/wp-json\/wp\/v2\/comments?post=7217"}],"version-history":[{"count":5,"href":"https:\/\/ades.erciyes.edu.tr\/en\/wp-json\/wp\/v2\/pages\/7217\/revisions"}],"predecessor-version":[{"id":8437,"href":"https:\/\/ades.erciyes.edu.tr\/en\/wp-json\/wp\/v2\/pages\/7217\/revisions\/8437"}],"wp:attachment":[{"href":"https:\/\/ades.erciyes.edu.tr\/en\/wp-json\/wp\/v2\/media?parent=7217"}],"curies":[{"name":"wp","href":"https:\/\/api.w.org\/{rel}","templated":true}]}}