{"id":6659,"date":"2016-05-27T15:29:02","date_gmt":"2016-05-27T12:29:02","guid":{"rendered":"http:\/\/demo.neodream-design.com\/ades\/?page_id=6659"},"modified":"2017-12-19T19:29:15","modified_gmt":"2017-12-19T16:29:15","slug":"kurullar","status":"publish","type":"page","link":"https:\/\/ades.erciyes.edu.tr\/en\/kurullar\/","title":{"rendered":"Committees"},"content":{"rendered":"<style type=\"text\/css\"> \n#cmsmasters_row_69e7e39cad2a8 .cmsmasters_row_outer_parent { \n\tpadding-top: 0px; \n} \n\n#cmsmasters_row_69e7e39cad2a8 .cmsmasters_row_outer_parent { \n\tpadding-bottom: 50px; \n} \n\n \n#cmsmasters_row_69e7e39cad34e .cmsmasters_row_outer_parent { \n\tpadding-top: 0px; \n} \n\n#cmsmasters_row_69e7e39cad34e .cmsmasters_row_outer_parent { \n\tpadding-bottom: 50px; \n} \n\n \n#cmsmasters_row_69e7e39cb0595 .cmsmasters_row_outer_parent { \n\tpadding-top: 0px; \n} \n\n#cmsmasters_row_69e7e39cb0595 .cmsmasters_row_outer_parent { \n\tpadding-bottom: 50px; \n} \n\n \n#cmsmasters_divider_69e7e39cb15d4 { \n\tborder-bottom-width:1px; \n\tborder-bottom-style:solid; \n\tpadding-top:50px; \n\tmargin-bottom:50px; \n} \n \n#cmsmasters_row_69e7e39cb1621 .cmsmasters_row_outer_parent { \n\tpadding-top: 0px; \n} \n\n#cmsmasters_row_69e7e39cb1621 .cmsmasters_row_outer_parent { \n\tpadding-bottom: 50px; \n} \n\n \n#cmsmasters_heading_69e7e39cb2676 { \n\ttext-align:left; \n\tmargin-top:0px; \n\tmargin-bottom:20px; \n} \n\n#cmsmasters_heading_69e7e39cb2676 .cmsmasters_heading { \n\ttext-align:left; \n} \n\n#cmsmasters_heading_69e7e39cb2676 .cmsmasters_heading, #cmsmasters_heading_69e7e39cb2676 .cmsmasters_heading a { \n\tfont-weight:normal; \n\tfont-style:normal; \n} \n\n#cmsmasters_heading_69e7e39cb2676 .cmsmasters_heading_divider { \n} \n\n \n#cmsmasters_row_69e7e39cb26e6 .cmsmasters_row_outer_parent { \n\tpadding-top: 0px; \n} \n\n#cmsmasters_row_69e7e39cb26e6 .cmsmasters_row_outer_parent { \n\tpadding-bottom: 50px; \n} \n\n \n#cmsmasters_row_69e7e39cb27f4 .cmsmasters_row_outer_parent { \n\tpadding-top: 0px; \n} \n\n#cmsmasters_row_69e7e39cb27f4 .cmsmasters_row_outer_parent { \n\tpadding-bottom: 50px; \n} \n\n \n#cmsmasters_divider_69e7e39cb3934 { \n\tborder-bottom-width:1px; \n\tborder-bottom-style:solid; \n\tpadding-top:50px; \n\tmargin-bottom:50px; \n} \n \n#cmsmasters_row_69e7e39cb3995 .cmsmasters_row_outer_parent { \n\tpadding-top: 0px; \n} \n\n#cmsmasters_row_69e7e39cb3995 .cmsmasters_row_outer_parent { \n\tpadding-bottom: 50px; \n} \n\n \n#cmsmasters_heading_69e7e39cb489f { \n\ttext-align:left; \n\tmargin-top:0px; \n\tmargin-bottom:20px; \n} \n\n#cmsmasters_heading_69e7e39cb489f .cmsmasters_heading { \n\ttext-align:left; \n} \n\n#cmsmasters_heading_69e7e39cb489f .cmsmasters_heading, #cmsmasters_heading_69e7e39cb489f .cmsmasters_heading a { \n\tfont-weight:normal; \n\tfont-style:normal; \n} \n\n#cmsmasters_heading_69e7e39cb489f .cmsmasters_heading_divider { \n} \n\n \n#cmsmasters_row_69e7e39cb48e6 .cmsmasters_row_outer_parent { \n\tpadding-top: 0px; \n} \n\n#cmsmasters_row_69e7e39cb48e6 .cmsmasters_row_outer_parent { \n\tpadding-bottom: 50px; \n} \n\n \n#cmsmasters_row_69e7e39cb4a55 .cmsmasters_row_outer_parent { \n\tpadding-top: 0px; \n} \n\n#cmsmasters_row_69e7e39cb4a55 .cmsmasters_row_outer_parent { \n\tpadding-bottom: 50px; \n} \n\n \n#cmsmasters_divider_69e7e39cb5c17 { \n\tborder-bottom-width:1px; \n\tborder-bottom-style:solid; \n\tpadding-top:50px; \n\tmargin-bottom:50px; \n} \n \n#cmsmasters_row_69e7e39cb5c86 .cmsmasters_row_outer_parent { \n\tpadding-top: 0px; \n} \n\n#cmsmasters_row_69e7e39cb5c86 .cmsmasters_row_outer_parent { \n\tpadding-bottom: 50px; \n} \n\n \n#cmsmasters_heading_69e7e39cb6eef { \n\ttext-align:left; \n\tmargin-top:0px; \n\tmargin-bottom:20px; \n} \n\n#cmsmasters_heading_69e7e39cb6eef .cmsmasters_heading { \n\ttext-align:left; \n} \n\n#cmsmasters_heading_69e7e39cb6eef .cmsmasters_heading, #cmsmasters_heading_69e7e39cb6eef .cmsmasters_heading a { \n\tfont-weight:normal; \n\tfont-style:normal; \n} \n\n#cmsmasters_heading_69e7e39cb6eef .cmsmasters_heading_divider { \n} \n\n \n#cmsmasters_row_69e7e39cb6f5d .cmsmasters_row_outer_parent { \n\tpadding-top: 0px; \n} \n\n#cmsmasters_row_69e7e39cb6f5d .cmsmasters_row_outer_parent { \n\tpadding-bottom: 50px; \n} \n\n \n#cmsmasters_row_69e7e39cb9cdf .cmsmasters_row_outer_parent { \n\tpadding-top: 0px; \n} \n\n#cmsmasters_row_69e7e39cb9cdf .cmsmasters_row_outer_parent { \n\tpadding-bottom: 50px; \n} \n\n \n#cmsmasters_row_69e7e39cb9e0e .cmsmasters_row_outer_parent { \n\tpadding-top: 0px; \n} \n\n#cmsmasters_row_69e7e39cb9e0e .cmsmasters_row_outer_parent { \n\tpadding-bottom: 50px; \n} \n\n \n#cmsmasters_row_69e7e39cb9e95 .cmsmasters_row_outer_parent { \n\tpadding-top: 0px; \n} \n\n#cmsmasters_row_69e7e39cb9e95 .cmsmasters_row_outer_parent { \n\tpadding-bottom: 50px; \n} \n\n \n#cmsmasters_row_69e7e39cb9f24 .cmsmasters_row_outer_parent { \n\tpadding-top: 0px; \n} \n\n#cmsmasters_row_69e7e39cb9f24 .cmsmasters_row_outer_parent { \n\tpadding-bottom: 50px; \n} \n\n \n#cmsmasters_heading_69e7e39cbb27a { \n\ttext-align:left; \n\tmargin-top:20px; \n\tmargin-bottom:20px; \n} \n\n#cmsmasters_heading_69e7e39cbb27a .cmsmasters_heading { \n\ttext-align:left; \n} \n\n#cmsmasters_heading_69e7e39cbb27a .cmsmasters_heading, #cmsmasters_heading_69e7e39cbb27a .cmsmasters_heading a { \n\tfont-weight:normal; \n\tfont-style:normal; \n} \n\n#cmsmasters_heading_69e7e39cbb27a .cmsmasters_heading_divider { \n} \n\n \n#cmsmasters_row_69e7e39cbb336 .cmsmasters_row_outer_parent { \n\tpadding-top: 0px; \n} \n\n#cmsmasters_row_69e7e39cbb336 .cmsmasters_row_outer_parent { \n\tpadding-bottom: 50px; \n} \n\n \n#cmsmasters_row_69e7e39cbd997 .cmsmasters_row_outer_parent { \n\tpadding-top: 0px; \n} \n\n#cmsmasters_row_69e7e39cbd997 .cmsmasters_row_outer_parent { \n\tpadding-bottom: 50px; \n} \n\n \n#cmsmasters_divider_69e7e39cbea59 { \n\tborder-bottom-width:1px; \n\tborder-bottom-style:solid; \n\tpadding-top:50px; \n\tmargin-bottom:50px; \n} \n \n#cmsmasters_heading_69e7e39cbf979 { \n\ttext-align:left; \n\tmargin-top:20px; \n\tmargin-bottom:20px; \n} \n\n#cmsmasters_heading_69e7e39cbf979 .cmsmasters_heading { \n\ttext-align:left; \n} \n\n#cmsmasters_heading_69e7e39cbf979 .cmsmasters_heading, #cmsmasters_heading_69e7e39cbf979 .cmsmasters_heading a { \n\tfont-weight:normal; \n\tfont-style:normal; \n} \n\n#cmsmasters_heading_69e7e39cbf979 .cmsmasters_heading_divider { \n} \n\n \n#cmsmasters_row_69e7e39cbf9d5 .cmsmasters_row_outer_parent { \n\tpadding-top: 0px; \n} \n\n#cmsmasters_row_69e7e39cbf9d5 .cmsmasters_row_outer_parent { \n\tpadding-bottom: 50px; \n} \n\n \n#cmsmasters_row_69e7e39cbfaac .cmsmasters_row_outer_parent { \n\tpadding-top: 0px; \n} \n\n#cmsmasters_row_69e7e39cbfaac .cmsmasters_row_outer_parent { \n\tpadding-bottom: 50px; \n} \n\n \n#cmsmasters_divider_69e7e39cc0b61 { \n\tborder-bottom-width:1px; \n\tborder-bottom-style:solid; \n\tpadding-top:50px; \n\tmargin-bottom:50px; \n} \n \n#cmsmasters_heading_69e7e39cc1d78 { \n\ttext-align:left; \n\tmargin-top:0px; \n\tmargin-bottom:20px; \n} \n\n#cmsmasters_heading_69e7e39cc1d78 .cmsmasters_heading { \n\ttext-align:left; \n} \n\n#cmsmasters_heading_69e7e39cc1d78 .cmsmasters_heading, #cmsmasters_heading_69e7e39cc1d78 .cmsmasters_heading a { \n\tfont-weight:normal; \n\tfont-style:normal; \n} \n\n#cmsmasters_heading_69e7e39cc1d78 .cmsmasters_heading_divider { \n} \n\n \n#cmsmasters_row_69e7e39cc1de4 .cmsmasters_row_outer_parent { \n\tpadding-top: 0px; \n} \n\n#cmsmasters_row_69e7e39cc1de4 .cmsmasters_row_outer_parent { \n\tpadding-bottom: 50px; \n} \n\n \n#cmsmasters_row_69e7e39cc1fcb .cmsmasters_row_outer_parent { \n\tpadding-top: 0px; \n} \n\n#cmsmasters_row_69e7e39cc1fcb .cmsmasters_row_outer_parent { \n\tpadding-bottom: 50px; \n} \n\n \n#cmsmasters_divider_69e7e39cc3360 { \n\tborder-bottom-width:1px; \n\tborder-bottom-style:solid; \n\tpadding-top:50px; \n\tmargin-bottom:50px; \n} \n \n#cmsmasters_heading_69e7e39cc4818 { \n\ttext-align:left; \n\tmargin-top:0px; \n\tmargin-bottom:20px; \n} \n\n#cmsmasters_heading_69e7e39cc4818 .cmsmasters_heading { \n\ttext-align:left; \n} \n\n#cmsmasters_heading_69e7e39cc4818 .cmsmasters_heading, #cmsmasters_heading_69e7e39cc4818 .cmsmasters_heading a { \n\tfont-weight:normal; \n\tfont-style:normal; \n} \n\n#cmsmasters_heading_69e7e39cc4818 .cmsmasters_heading_divider { \n} \n\n \n#cmsmasters_row_69e7e39cc488c .cmsmasters_row_outer_parent { \n\tpadding-top: 0px; \n} \n\n#cmsmasters_row_69e7e39cc488c .cmsmasters_row_outer_parent { \n\tpadding-bottom: 50px; \n} \n\n \n#cmsmasters_row_69e7e39cc70ae .cmsmasters_row_outer_parent { \n\tpadding-top: 0px; \n} \n\n#cmsmasters_row_69e7e39cc70ae .cmsmasters_row_outer_parent { \n\tpadding-bottom: 50px; \n} \n\n \n#cmsmasters_row_69e7e39cc71ca .cmsmasters_row_outer_parent { \n\tpadding-top: 0px; \n} \n\n#cmsmasters_row_69e7e39cc71ca .cmsmasters_row_outer_parent { \n\tpadding-bottom: 50px; \n} \n\n \n#cmsmasters_divider_69e7e39cc86a3 { \n\tborder-bottom-width:1px; \n\tborder-bottom-style:solid; \n\tpadding-top:50px; \n\tmargin-bottom:50px; \n} \n \n#cmsmasters_heading_69e7e39cc978e { \n\ttext-align:left; \n\tmargin-top:0px; \n\tmargin-bottom:20px; \n} \n\n#cmsmasters_heading_69e7e39cc978e .cmsmasters_heading { \n\ttext-align:left; \n} \n\n#cmsmasters_heading_69e7e39cc978e .cmsmasters_heading, #cmsmasters_heading_69e7e39cc978e .cmsmasters_heading a { \n\tfont-weight:normal; \n\tfont-style:normal; \n} \n\n#cmsmasters_heading_69e7e39cc978e .cmsmasters_heading_divider { \n} \n\n \n#cmsmasters_clients_69e7e39cca88d .cmsmasters_clients_item { height:180px; line-height:180px; } \n#cmsmasters_clients_69e7e39cca88d .cmsmasters_clients_item a { line-height:180px; } \n<\/style><p><div id=\"cmsmasters_row_69e7e39cb9e95\" class=\"cmsmasters_row cmsmasters_color_scheme_default cmsmasters_row_top_default cmsmasters_row_bot_default cmsmasters_row_boxed\">\n<div class=\"cmsmasters_row_outer_parent\">\n<div class=\"cmsmasters_row_outer\">\n<div class=\"cmsmasters_row_inner\">\n<div class=\"cmsmasters_row_margin\">\n<div class=\"cmsmasters_column one_first\">\n<\/div>\n<\/div>\n<\/div>\n<\/div>\n<\/div>\n<\/div>\n<div id=\"cmsmasters_row_69e7e39cb9f24\" class=\"cmsmasters_row cmsmasters_color_scheme_default cmsmasters_row_top_default cmsmasters_row_bot_default cmsmasters_row_boxed\">\n<div class=\"cmsmasters_row_outer_parent\">\n<div class=\"cmsmasters_row_outer\">\n<div class=\"cmsmasters_row_inner\">\n<div class=\"cmsmasters_row_margin\">\n<div class=\"cmsmasters_column one_first\">\n\n<div id=\"cmsmasters_heading_69e7e39cbb27a\" class=\"cmsmasters_heading_wrap cmsmasters_heading_align_left\">\n\t<h1 class=\"cmsmasters_heading\">Partner Universities<\/h1>\n<\/div><div class=\"cmsmasters_text\">\n<h4>The 4th International Symposium on Asian Languages and Literatures (ADES) with the theme of \u201cUnderstanding Culture\u201d will be jointly organized by The Erciyes University, Kayseri, Turkey and Dr. Babasaheb Ambedkar Marathwada University, Aurangabad, India.<\/h4>\n<\/div>\n<\/div>\n<\/div>\n<\/div>\n<\/div>\n<\/div>\n<\/div>\n<div id=\"cmsmasters_row_69e7e39cbb336\" class=\"cmsmasters_row cmsmasters_color_scheme_default cmsmasters_row_top_default cmsmasters_row_bot_default cmsmasters_row_boxed\">\n<div class=\"cmsmasters_row_outer_parent\">\n<div class=\"cmsmasters_row_outer\">\n<div class=\"cmsmasters_row_inner\">\n<div class=\"cmsmasters_row_margin\">\n<div class=\"cmsmasters_column one_half\">\n<div class=\"cmsmasters_img  cmsmasters_image_l\">\n<a href=\"http:\/\/www.erciyes.edu.tr\/\"><img src=\"https:\/\/ades.erciyes.edu.tr\/wp-content\/uploads\/2016\/05\/erciyes_logo_ing-150x150.png\" alt=\"\" \/><\/a>\n<\/div>\n<\/div>\n<div class=\"cmsmasters_column one_half\">\n<div class=\"cmsmasters_img  cmsmasters_image_l\">\n<img src=\"https:\/\/ades.erciyes.edu.tr\/wp-content\/uploads\/2016\/05\/bamu-150x150.png\" alt=\"\" \/>\n<\/div>\n<\/div>\n<\/div>\n<\/div>\n<\/div>\n<\/div>\n<\/div>\n<div id=\"cmsmasters_row_69e7e39cbd997\" class=\"cmsmasters_row cmsmasters_color_scheme_default cmsmasters_row_top_default cmsmasters_row_bot_default cmsmasters_row_boxed\">\n<div class=\"cmsmasters_row_outer_parent\">\n<div class=\"cmsmasters_row_outer\">\n<div class=\"cmsmasters_row_inner\">\n<div class=\"cmsmasters_row_margin\">\n<div class=\"cmsmasters_column one_first\">\n\n<div id=\"cmsmasters_divider_69e7e39cbea59\" class=\"cmsmasters_divider cmsmasters_divider_width_long cmsmasters_divider_pos_center\"><\/div>\n<div id=\"cmsmasters_heading_69e7e39cbf979\" class=\"cmsmasters_heading_wrap cmsmasters_heading_align_left\">\n\t<h1 class=\"cmsmasters_heading\">Honor Committee<\/h1>\n<\/div>\n<\/div>\n<\/div>\n<\/div>\n<\/div>\n<\/div>\n<\/div>\n<div id=\"cmsmasters_row_69e7e39cbf9d5\" class=\"cmsmasters_row cmsmasters_color_scheme_default cmsmasters_row_top_default cmsmasters_row_bot_default cmsmasters_row_boxed\">\n<div class=\"cmsmasters_row_outer_parent\">\n<div class=\"cmsmasters_row_outer\">\n<div class=\"cmsmasters_row_inner\">\n<div class=\"cmsmasters_row_margin\">\n<div class=\"cmsmasters_column one_first\">\n<div class=\"cmsmasters_text\">\n<h4>Balu Ananda CHOPADE, Prof. &#8211; Vice-Chancellor, Dr. Babasaheb Ambedkar Marathwada University, India<\/h4>\n<h4>Muhammet G\u00dcVEN, Prof. Dr. &#8211; Rector, Erciyes University, Turkey<\/h4>\n<h4>Mehmet \u0130NBA\u015eI, Prof. Dr. &#8211; Dean, Erciyes University Faculty of Arts, Turkey<\/h4>\n<\/div>\n<\/div>\n<\/div>\n<\/div>\n<\/div>\n<\/div>\n<\/div>\n<div id=\"cmsmasters_row_69e7e39cbfaac\" class=\"cmsmasters_row cmsmasters_color_scheme_default cmsmasters_row_top_default cmsmasters_row_bot_default cmsmasters_row_boxed\">\n<div class=\"cmsmasters_row_outer_parent\">\n<div class=\"cmsmasters_row_outer\">\n<div class=\"cmsmasters_row_inner\">\n<div class=\"cmsmasters_row_margin\">\n<div class=\"cmsmasters_column one_first\">\n\n<div id=\"cmsmasters_divider_69e7e39cc0b61\" class=\"cmsmasters_divider cmsmasters_divider_width_long cmsmasters_divider_pos_center\"><\/div>\n<div id=\"cmsmasters_heading_69e7e39cc1d78\" class=\"cmsmasters_heading_wrap cmsmasters_heading_align_left\">\n\t<h1 class=\"cmsmasters_heading\">Scientific Advisory Committee<\/h1>\n<\/div>\n<\/div>\n<\/div>\n<\/div>\n<\/div>\n<\/div>\n<\/div>\n<div id=\"cmsmasters_row_69e7e39cc1de4\" class=\"cmsmasters_row cmsmasters_color_scheme_default cmsmasters_row_top_default cmsmasters_row_bot_default cmsmasters_row_boxed\">\n<div class=\"cmsmasters_row_outer_parent\">\n<div class=\"cmsmasters_row_outer\">\n<div class=\"cmsmasters_row_inner\">\n<div class=\"cmsmasters_row_margin\">\n<div class=\"cmsmasters_column one_first\">\n<div class=\"cmsmasters_text\">\n<h4>Abhai MAURYA, Prof. Dr. (English and Foreign Languages University, India)<\/h4>\n<h4>Ali Volkan ERDEM\u0130R, Assoc. Prof. Dr. (Erciyes University, Turkey)<\/h4>\n<h4>Anail RAY, Prof. Dr. (University of Delhi, India)<\/h4>\n<h4>Arina BERIDZE, Assoc. Prof. Dr. (Erciyes University, Turkey)<\/h4>\n<h4>Dhrubajyoti SARKAR, Assist. Prof. Dr. (Kalyani University, India)<\/h4>\n<h4>Elif \u00d6ZER, Prof. Dr. (Pamukkale University, Turkey)<\/h4>\n<h4>Harish VIJRA, Prof. (English and Foreign Languages University, India)<\/h4>\n<h4>JungSuk YOO, Prof. Dr. (Erciyes University, Turkey)<\/h4>\n<h4>Kishore A. Kumar REDDY, Assist. Prof. Dr. (Dr. B.R. Ambedkar Open University, India)<\/h4>\n<h4>Liu ZHAOMING, Prof. Dr. (Erciyes University, Turkey)<\/h4>\n<h4>Mitat \u00c7EL\u0130KPALA, Prof. Dr. (Kadir Has \u00dcniversitesi, Turkey)<\/h4>\n<h4>Nevzat KAYA, Prof. Dr. (Dokuz Eyl\u00fcl University, Turkey)<\/h4>\n<h4>Ravinder Nath MENON, Prof. Dr. (Jawaharlal Nehru University, India)<\/h4>\n<h4>Sevin\u00e7 \u00dc\u00c7G\u00dcL, Prof. Dr. (Erciyes University, Turkey)<\/h4>\n<h4>Smita JASSAL, Assoc. Prof. Dr. (Middle East Technical University, Turkey)<\/h4>\n<h4>Sushant Kumar MISRA, Prof. Dr. (Jawaharlal Nehru University, India)<\/h4>\n<h4>Vinod TIWARI, Assoc. Prof. Dr. (University of Delhi, India)<\/h4>\n<h4>YingJie WANG, Prof. (Erciyes University, Turkey)<\/h4>\n<h4 class=\"innerContent\"><\/h4>\n<\/div>\n<\/div>\n<\/div>\n<\/div>\n<\/div>\n<\/div>\n<\/div>\n<div id=\"cmsmasters_row_69e7e39cc1fcb\" class=\"cmsmasters_row cmsmasters_color_scheme_default cmsmasters_row_top_default cmsmasters_row_bot_default cmsmasters_row_boxed\">\n<div class=\"cmsmasters_row_outer_parent\">\n<div class=\"cmsmasters_row_outer\">\n<div class=\"cmsmasters_row_inner\">\n<div class=\"cmsmasters_row_margin\">\n<div class=\"cmsmasters_column one_first\">\n\n<div id=\"cmsmasters_divider_69e7e39cc3360\" class=\"cmsmasters_divider cmsmasters_divider_width_long cmsmasters_divider_pos_center\"><\/div>\n<div id=\"cmsmasters_heading_69e7e39cc4818\" class=\"cmsmasters_heading_wrap cmsmasters_heading_align_left\">\n\t<h1 class=\"cmsmasters_heading\">Organizing Committee<\/h1>\n<\/div>\n<\/div>\n<\/div>\n<\/div>\n<\/div>\n<\/div>\n<\/div>\n<div id=\"cmsmasters_row_69e7e39cc488c\" class=\"cmsmasters_row cmsmasters_color_scheme_default cmsmasters_row_top_default cmsmasters_row_bot_default cmsmasters_row_boxed\">\n<div class=\"cmsmasters_row_outer_parent\">\n<div class=\"cmsmasters_row_outer\">\n<div class=\"cmsmasters_row_inner\">\n<div class=\"cmsmasters_row_margin\">\n<div class=\"cmsmasters_column one_half\">\n<div class=\"cmsmasters_img  cmsmasters_image_l\">\n<img src=\"https:\/\/ades.erciyes.edu.tr\/wp-content\/uploads\/2016\/05\/Ali@mtbd-150x150.jpg\" alt=\"\" \/>\n<\/div>\n<div class=\"cmsmasters_text\">\n<h4 style=\"text-align: left;\">Ali K\u00dc\u00c7\u00dcKLER, Assoc. Prof. Dr.<\/h4>\n<h4 style=\"text-align: left;\">Co-Chairman<\/h4>\n<h4 style=\"text-align: left;\">Erciyes University, Turkey<\/h4>\n<\/div>\n<\/div>\n<div class=\"cmsmasters_column one_half\">\n<div class=\"cmsmasters_img  cmsmasters_image_l\">\n<img src=\"https:\/\/ades.erciyes.edu.tr\/wp-content\/uploads\/2016\/05\/profazharuddin-150x150.jpg\" alt=\"\" \/>\n<\/div>\n<div class=\"cmsmasters_text\">\n<h4 style=\"text-align: left;\">Syed AZHARUDDIN, Prof. Dr.<\/h4>\n<h4 style=\"text-align: left;\">Co-Chairman<\/h4>\n<h4 style=\"text-align: left;\">Dr. Babasaheb Ambedkar Marathwada University, India<\/h4>\n<\/div>\n<\/div>\n<\/div>\n<\/div>\n<\/div>\n<\/div>\n<\/div>\n<div id=\"cmsmasters_row_69e7e39cc70ae\" class=\"cmsmasters_row cmsmasters_color_scheme_default cmsmasters_row_top_default cmsmasters_row_bot_default cmsmasters_row_boxed\">\n<div class=\"cmsmasters_row_outer_parent\">\n<div class=\"cmsmasters_row_outer\">\n<div class=\"cmsmasters_row_inner\">\n<div class=\"cmsmasters_row_margin\">\n<div class=\"cmsmasters_column one_first\">\n<div class=\"cmsmasters_text\">\n<h4>Beena SENGAR (Dr. Babasaheb Ambedkar Marathwada University, India)<\/h4>\n<h4>Bharti GORE (Dr. Babasaheb Ambedkar Marathwada University, India)<\/h4>\n<h4>Dasoo VAIDYA (Dr. Babasaheb Ambedkar Marathwada University, India)<\/h4>\n<h4>Didem YILMAZ (Erciyes University, Turkey)<\/h4>\n<h4>Erdem ER\u0130N\u00c7 (Erciyes University, Turkey)<\/h4>\n<h4>Feyza G\u00d6REZ (Erciyes University, Turkey)<\/h4>\n<h4>K. Anand UBALE (Dr. Babasaheb Ambedkar Marathwada University, India)<\/h4>\n<h4>Mustajib Ahemad Masud KHAN (Dr. Babasaheb Ambedkar Marathwada University, India)<\/h4>\n<h4>Sadeq BAGHBAN (Dr. Babasaheb Ambedkar Marathwada University, India)<\/h4>\n<h4>Sainath Vithal CHAPLE (Erciyes University, Turkey)<\/h4>\n<h4>Saleem MOHIUDDIN (Shri Shivaji Collage, India)<\/h4>\n<h4>Sanjay B. SALUNKE (Dr. Babasaheb Ambedkar Marathwada University, India)<\/h4>\n<h4>Seniye VURAL (Erciyes University, Turkey)<\/h4>\n<\/div>\n<\/div>\n<\/div>\n<\/div>\n<\/div>\n<\/div>\n<\/div>\n<div id=\"cmsmasters_row_69e7e39cc71ca\" class=\"cmsmasters_row cmsmasters_color_scheme_default cmsmasters_row_top_default cmsmasters_row_bot_default cmsmasters_row_boxed\">\n<div class=\"cmsmasters_row_outer_parent\">\n<div class=\"cmsmasters_row_outer\">\n<div class=\"cmsmasters_row_inner\">\n<div class=\"cmsmasters_row_margin\">\n<div class=\"cmsmasters_column one_first\">\n\n<div id=\"cmsmasters_divider_69e7e39cc86a3\" class=\"cmsmasters_divider cmsmasters_divider_width_long cmsmasters_divider_pos_center\"><\/div>\n<div id=\"cmsmasters_heading_69e7e39cc978e\" class=\"cmsmasters_heading_wrap cmsmasters_heading_align_left\">\n\t<h1 class=\"cmsmasters_heading\">SPONSORS<\/h1>\n<\/div>\n<div class=\"cmsmasters_clients_grid_wrap\">\n<div id=\"cmsmasters_clients_69e7e39cca88d\" class=\"cmsmasters_clients_grid clients_five\">\n<div class=\"cmsmasters_clients_items slides\">\n<div class=\"cmsmasters_clients_item item\">\n<a href=\"http:\/\/bap.erciyes.edu.tr\/\" target=\"_blank\"><img src=\"https:\/\/ades.erciyes.edu.tr\/wp-content\/uploads\/2015\/07\/e_u_logo_jpg_96dpi_RGB-e1465026557747.jpg\" alt=\"ER\u00dc BAP\" title=\"ER\u00dc BAP\" \/><\/a>\n<\/div>\n<\/div>\n<\/div>\n<\/div>\n<\/div>\n<\/div>\n<\/div>\n<\/div>\n<\/div>\n<\/div>\n<\/p>","protected":false},"excerpt":{"rendered":"","protected":false},"author":1,"featured_media":0,"parent":0,"menu_order":0,"comment_status":"closed","ping_status":"closed","template":"","meta":[],"_links":{"self":[{"href":"https:\/\/ades.erciyes.edu.tr\/en\/wp-json\/wp\/v2\/pages\/6659"}],"collection":[{"href":"https:\/\/ades.erciyes.edu.tr\/en\/wp-json\/wp\/v2\/pages"}],"about":[{"href":"https:\/\/ades.erciyes.edu.tr\/en\/wp-json\/wp\/v2\/types\/page"}],"author":[{"embeddable":true,"href":"https:\/\/ades.erciyes.edu.tr\/en\/wp-json\/wp\/v2\/users\/1"}],"replies":[{"embeddable":true,"href":"https:\/\/ades.erciyes.edu.tr\/en\/wp-json\/wp\/v2\/comments?post=6659"}],"version-history":[{"count":85,"href":"https:\/\/ades.erciyes.edu.tr\/en\/wp-json\/wp\/v2\/pages\/6659\/revisions"}],"predecessor-version":[{"id":8467,"href":"https:\/\/ades.erciyes.edu.tr\/en\/wp-json\/wp\/v2\/pages\/6659\/revisions\/8467"}],"wp:attachment":[{"href":"https:\/\/ades.erciyes.edu.tr\/en\/wp-json\/wp\/v2\/media?parent=6659"}],"curies":[{"name":"wp","href":"https:\/\/api.w.org\/{rel}","templated":true}]}}